{"id":538,"date":"2023-08-01T04:33:20","date_gmt":"2023-08-01T04:33:20","guid":{"rendered":"http:\/\/fintechgroup.fi\/?page_id=538"},"modified":"2024-06-11T09:19:29","modified_gmt":"2024-06-11T09:19:29","slug":"fintech-group-ristikkomastojen-ja-terasvalmisteiden-tuotanto","status":"publish","type":"page","link":"https:\/\/fintechgroup.fi\/en\/fintech-group-ristikkomastojen-ja-terasvalmisteiden-tuotanto\/","title":{"rendered":"Fintech Group metal fabrication and production"},"content":{"rendered":"<style>\/*! elementor - v3.14.0 - 26-06-2023 *\/<br \/>\n.elementor-heading-title{padding:0;margin:0;line-height:1}.elementor-widget-heading .elementor-heading-title[class*=elementor-size-]>a{color:inherit;font-size:inherit;line-height:inherit}.elementor-widget-heading .elementor-heading-title.elementor-size-small{font-size:15px}.elementor-widget-heading .elementor-heading-title.elementor-size-medium{font-size:19px}.elementor-widget-heading .elementor-heading-title.elementor-size-large{font-size:29px}.elementor-widget-heading .elementor-heading-title.elementor-size-xl{font-size:39px}.elementor-widget-heading .elementor-heading-title.elementor-size-xxl{font-size:59px}<\/style>\n<h2>Fintech Group<\/h2>\n<p>Fintech Group on M\u00e4nts\u00e4l\u00e4ss\u00e4 toimiva metallijalostamisen ja metallivalmistamisen ammattilainen. Meid\u00e4n toimintaperiaatteisiimme kuuluu vastata asiakkaan tarpeisiin nopeasti, tehokkaasti ja laadukkaasti. Ei ole metallivalmistamisen haastetta, mihin osaajamme ei ole l\u00f6yt\u00e4neet ratkaisua.<\/p>\n<p><a href=\"#\"><br \/>\nLue lis\u00e4\u00e4<br \/>\n<\/a><br \/>\n<iframe title=\"Video Placeholder\" width=\"750\" height=\"422\" src=\"https:\/\/www.youtube.com\/embed\/XHOmBV4js_E?feature=oembed\" frameborder=\"0\" allow=\"accelerometer; autoplay; clipboard-write; encrypted-media; gyroscope; picture-in-picture; web-share\" referrerpolicy=\"strict-origin-when-cross-origin\" allowfullscreen><\/iframe><\/p>\n<h2>Kest\u00e4v\u00e4t ja energiatehokkaat menetelm\u00e4t tuotteiden ytimess\u00e4<\/h2>\n<p style=\"text-align: center;\">Olemme sitoutuneet kaikessa toiminnassamme valmistusprosessista tuotteiden myyntiin asti, noudattamaan kest\u00e4v\u00e4n kehityksen periaatteita:<\/p>\n<h2>Kest\u00e4v\u00e4t tuotteet<\/h2>\n<p style=\"text-align: center;\">Tuotteemme on tehty kest\u00e4m\u00e4\u00e4n jopa 100 vuotta<\/p>\n<h2>Ainutlaatuinen energiatehokkuus<\/h2>\n<p style=\"text-align: center;\">Tuotteemme on ovat jopa 15% tehokkaammat<\/p>\n<h2>Kotimainen valmistaja<\/h2>\n<p style=\"text-align: center;\">Suunnittelemme ja valmistamme p\u00e4\u00e4osin tuotteemme Suomessa<\/p>\n<h2>Kuumasinkitty ristikkomasto<\/h2>\n<p>Ristikkomastot 6-60 metri\u00e4, monipuolisiin k\u00e4ytt\u00f6kohteisiin soveltuvat kevyet ja vahvat mastoratkaisut.<\/p>\n<ul>\n<li>Pinta-asennettava jalusta<\/li>\n<li>Myrskyn kesto 50 m\/s<\/li>\n<li>Kuumasinkitty<\/li>\n<li>Rakennetaan 6 metrin elementeist\u00e4<\/li>\n<li>k\u00e4ytt\u00f6ik\u00e4 50 vuotta<\/li>\n<\/ul>\n<p><a href=\"http:\/\/fintechgroup.fi\/ristikkomastot\/\"><br \/>\nLue lis\u00e4\u00e4<br \/>\n<\/a><\/p>\n<style>\/*! elementor - v3.14.0 - 26-06-2023 *\/<br \/>\n.elementor-widget-image{text-align:center}.elementor-widget-image a{display:inline-block}.elementor-widget-image a img[src$=\".svg\"]{width:48px}.elementor-widget-image img{vertical-align:middle;display:inline-block}<\/style>\n<p><img fetchpriority=\"high\" decoding=\"async\" src=\"http:\/\/fintechgroup.fi\/wp-content\/uploads\/2023\/07\/AMM-B-Apumasto-kokoonpano-1024x908.jpg\" sizes=\"(max-width: 750px) 100vw, 750px\" srcset=\"http:\/\/fintechgroup.fi\/wp-content\/uploads\/2023\/07\/AMM-B-Apumasto-kokoonpano-1024x908.jpg 1024w, http:\/\/fintechgroup.fi\/wp-content\/uploads\/2023\/07\/AMM-B-Apumasto-kokoonpano-300x266.jpg 300w, http:\/\/fintechgroup.fi\/wp-content\/uploads\/2023\/07\/AMM-B-Apumasto-kokoonpano-768x681.jpg 768w, http:\/\/fintechgroup.fi\/wp-content\/uploads\/2023\/07\/AMM-B-Apumasto-kokoonpano-1536x1363.jpg 1536w, http:\/\/fintechgroup.fi\/wp-content\/uploads\/2023\/07\/AMM-B-Apumasto-kokoonpano-2048x1817.jpg 2048w, http:\/\/fintechgroup.fi\/wp-content\/uploads\/2023\/07\/AMM-B-Apumasto-kokoonpano-1568x1391.jpg 1568w\" alt=\"\" width=\"750\" height=\"665\" \/><\/p>\n<h2>STANDARDOIDUT JA 100% kierr\u00e4tett\u00e4v\u00e4t ratkaisut<\/h2>\n<h2>MARKKINOIDEN TEHOKKAIN<br \/>\nAURINKOVOIMALA<\/h2>\n<p>Ainutlaatuisen mekanismin ansiosta k\u00e4\u00e4nnett\u00e4v\u00e4 aurinkoenergiaj\u00e4rjestelm\u00e4 mahdollistaa saman m\u00e4\u00e4r\u00e4n paneeleita kuin muualla, mutta v\u00e4hint\u00e4\u00e4n 15% tehokkaammin.<\/p>\n<p><a href=\"http:\/\/fintechgroup.fi\/kaannettavat-aurinkoenergiajarjestelmat\/\"><br \/>\nLue lis\u00e4\u00e4<br \/>\n<\/a><br \/>\n<img decoding=\"async\" src=\"http:\/\/fintechgroup.fi\/wp-content\/uploads\/2023\/07\/aurinkokentan-asennus-hybrid-energia-5-1.jpg\" sizes=\"(max-width: 400px) 100vw, 400px\" srcset=\"http:\/\/fintechgroup.fi\/wp-content\/uploads\/2023\/07\/aurinkokentan-asennus-hybrid-energia-5-1.jpg 400w, http:\/\/fintechgroup.fi\/wp-content\/uploads\/2023\/07\/aurinkokentan-asennus-hybrid-energia-5-1-300x213.jpg 300w\" alt=\"\" width=\"400\" height=\"284\" \/><\/p>\n","protected":false},"excerpt":{"rendered":"<p>Fintech Group Fintech Group is a M\u00e4nts\u00e4l\u00e4-based metal processing and metal fabrication professional. We are committed to meeting our customers' needs quickly, efficiently and with high quality. There is no metal fabrication challenge that our experts have not found a solution to. Read more Sustainable and energy-efficient methods at the heart of our products We are committed to sustainable development in everything we do, from the manufacturing process to the sale of our products. <a class=\"more-link\" href=\"https:\/\/fintechgroup.fi\/en\/fintech-group-ristikkomastojen-ja-terasvalmisteiden-tuotanto\/\">Continue reading <span class=\"screen-reader-text\">Fintech Group metal fabrication and production<\/span><\/a><\/p>","protected":false},"author":1,"featured_media":576,"parent":0,"menu_order":0,"comment_status":"closed","ping_status":"closed","template":"","meta":{"footnotes":""},"class_list":["post-538","page","type-page","status-publish","has-post-thumbnail","hentry","entry"],"yoast_head":"<!-- This site is optimized with the Yoast SEO plugin v27.4 - https:\/\/yoast.com\/product\/yoast-seo-wordpress\/ -->\n<title>FINTECH Monipuoliset ristikkomastot, ukkos ja salamasuojaus, valvonta, EU<\/title>\n<meta name=\"description\" content=\"Valmistamme ristikkomastoja ukkos -ja salamasuojaukseen, valvontaan, valaistus, energiak\u00e4ytt\u00f6, mittarointi. My\u00f6s siirrett\u00e4vill\u00e4 perustuksilla.\" \/>\n<meta name=\"robots\" content=\"index, follow, max-snippet:-1, max-image-preview:large, max-video-preview:-1\" \/>\n<link rel=\"canonical\" href=\"https:\/\/fintechgroup.fi\/en\/\" \/>\n<meta property=\"og:locale\" content=\"en_GB\" \/>\n<meta property=\"og:type\" content=\"article\" \/>\n<meta property=\"og:title\" content=\"FINTECH Monipuoliset ristikkomastot, ukkos ja salamasuojaus, valvonta, EU\" \/>\n<meta property=\"og:description\" content=\"Valmistamme ristikkomastoja ukkos -ja salamasuojaukseen, valvontaan, valaistus, energiak\u00e4ytt\u00f6, mittarointi. My\u00f6s siirrett\u00e4vill\u00e4 perustuksilla.\" \/>\n<meta property=\"og:url\" content=\"https:\/\/fintechgroup.fi\/en\/\" \/>\n<meta property=\"og:site_name\" content=\"FINTECH\" \/>\n<meta property=\"article:modified_time\" content=\"2024-06-11T09:19:29+00:00\" \/>\n<meta property=\"og:image\" content=\"https:\/\/fintechgroup.fi\/wp-content\/uploads\/2023\/08\/ristikkomastot.jpg\" \/>\n\t<meta property=\"og:image:width\" content=\"1920\" \/>\n\t<meta property=\"og:image:height\" content=\"1080\" \/>\n\t<meta property=\"og:image:type\" content=\"image\/jpeg\" \/>\n<meta name=\"twitter:card\" content=\"summary_large_image\" \/>\n<meta name=\"twitter:label1\" content=\"Estimated reading time\" \/>\n\t<meta name=\"twitter:data1\" content=\"1 minute\" \/>\n<script type=\"application\/ld+json\" class=\"yoast-schema-graph\">{\"@context\":\"https:\\\/\\\/schema.org\",\"@graph\":[{\"@type\":\"WebPage\",\"@id\":\"https:\\\/\\\/fintechgroup.fi\\\/en\\\/fintech-group-ristikkomastojen-ja-terasvalmisteiden-tuotanto\\\/\",\"url\":\"https:\\\/\\\/fintechgroup.fi\\\/\",\"name\":\"FINTECH Monipuoliset ristikkomastot, ukkos ja salamasuojaus, valvonta, EU\",\"isPartOf\":{\"@id\":\"https:\\\/\\\/fintechgroup.fi\\\/#website\"},\"primaryImageOfPage\":{\"@id\":\"https:\\\/\\\/fintechgroup.fi\\\/#primaryimage\"},\"image\":{\"@id\":\"https:\\\/\\\/fintechgroup.fi\\\/#primaryimage\"},\"thumbnailUrl\":\"https:\\\/\\\/fintechgroup.fi\\\/wp-content\\\/uploads\\\/2023\\\/08\\\/ristikkomastot.jpg\",\"datePublished\":\"2023-08-01T04:33:20+00:00\",\"dateModified\":\"2024-06-11T09:19:29+00:00\",\"description\":\"Valmistamme ristikkomastoja ukkos -ja salamasuojaukseen, valvontaan, valaistus, energiak\u00e4ytt\u00f6, mittarointi. My\u00f6s siirrett\u00e4vill\u00e4 perustuksilla.\",\"breadcrumb\":{\"@id\":\"https:\\\/\\\/fintechgroup.fi\\\/#breadcrumb\"},\"inLanguage\":\"en-GB\",\"potentialAction\":[{\"@type\":\"ReadAction\",\"target\":[\"https:\\\/\\\/fintechgroup.fi\\\/\"]}]},{\"@type\":\"ImageObject\",\"inLanguage\":\"en-GB\",\"@id\":\"https:\\\/\\\/fintechgroup.fi\\\/#primaryimage\",\"url\":\"https:\\\/\\\/fintechgroup.fi\\\/wp-content\\\/uploads\\\/2023\\\/08\\\/ristikkomastot.jpg\",\"contentUrl\":\"https:\\\/\\\/fintechgroup.fi\\\/wp-content\\\/uploads\\\/2023\\\/08\\\/ristikkomastot.jpg\",\"width\":1920,\"height\":1080,\"caption\":\"Muuntamoaseman ukkossuojaus\"},{\"@type\":\"BreadcrumbList\",\"@id\":\"https:\\\/\\\/fintechgroup.fi\\\/#breadcrumb\",\"itemListElement\":[{\"@type\":\"ListItem\",\"position\":1,\"name\":\"Home\",\"item\":\"https:\\\/\\\/fintechgroup.fi\\\/\"},{\"@type\":\"ListItem\",\"position\":2,\"name\":\"Fintech Group metallivalmistaminen ja tuotanto\"}]},{\"@type\":\"WebSite\",\"@id\":\"https:\\\/\\\/fintechgroup.fi\\\/#website\",\"url\":\"https:\\\/\\\/fintechgroup.fi\\\/\",\"name\":\"FINTECH GROUP\",\"description\":\"Ristikkomastot ja k&auml;&auml;nnett&auml;v&auml;t aurinkovoimalat\",\"publisher\":{\"@id\":\"https:\\\/\\\/fintechgroup.fi\\\/#organization\"},\"potentialAction\":[{\"@type\":\"SearchAction\",\"target\":{\"@type\":\"EntryPoint\",\"urlTemplate\":\"https:\\\/\\\/fintechgroup.fi\\\/?s={search_term_string}\"},\"query-input\":{\"@type\":\"PropertyValueSpecification\",\"valueRequired\":true,\"valueName\":\"search_term_string\"}}],\"inLanguage\":\"en-GB\"},{\"@type\":\"Organization\",\"@id\":\"https:\\\/\\\/fintechgroup.fi\\\/#organization\",\"name\":\"FINTECH GROUP\",\"url\":\"https:\\\/\\\/fintechgroup.fi\\\/\",\"logo\":{\"@type\":\"ImageObject\",\"inLanguage\":\"en-GB\",\"@id\":\"https:\\\/\\\/fintechgroup.fi\\\/#\\\/schema\\\/logo\\\/image\\\/\",\"url\":\"https:\\\/\\\/fintechgroup.fi\\\/wp-content\\\/uploads\\\/2023\\\/07\\\/fintech-logo.png\",\"contentUrl\":\"https:\\\/\\\/fintechgroup.fi\\\/wp-content\\\/uploads\\\/2023\\\/07\\\/fintech-logo.png\",\"width\":654,\"height\":144,\"caption\":\"FINTECH GROUP\"},\"image\":{\"@id\":\"https:\\\/\\\/fintechgroup.fi\\\/#\\\/schema\\\/logo\\\/image\\\/\"}}]}<\/script>\n<!-- \/ Yoast SEO plugin. -->","yoast_head_json":{"title":"FINTECH Monipuoliset ristikkomastot, ukkos ja salamasuojaus, valvonta, EU","description":"Valmistamme ristikkomastoja ukkos -ja salamasuojaukseen, valvontaan, valaistus, energiak\u00e4ytt\u00f6, mittarointi. My\u00f6s siirrett\u00e4vill\u00e4 perustuksilla.","robots":{"index":"index","follow":"follow","max-snippet":"max-snippet:-1","max-image-preview":"max-image-preview:large","max-video-preview":"max-video-preview:-1"},"canonical":"https:\/\/fintechgroup.fi\/en\/","og_locale":"en_GB","og_type":"article","og_title":"FINTECH Monipuoliset ristikkomastot, ukkos ja salamasuojaus, valvonta, EU","og_description":"Valmistamme ristikkomastoja ukkos -ja salamasuojaukseen, valvontaan, valaistus, energiak\u00e4ytt\u00f6, mittarointi. My\u00f6s siirrett\u00e4vill\u00e4 perustuksilla.","og_url":"https:\/\/fintechgroup.fi\/en\/","og_site_name":"FINTECH","article_modified_time":"2024-06-11T09:19:29+00:00","og_image":[{"width":1920,"height":1080,"url":"https:\/\/fintechgroup.fi\/wp-content\/uploads\/2023\/08\/ristikkomastot.jpg","type":"image\/jpeg"}],"twitter_card":"summary_large_image","twitter_misc":{"Estimated reading time":"1 minute"},"schema":{"@context":"https:\/\/schema.org","@graph":[{"@type":"WebPage","@id":"https:\/\/fintechgroup.fi\/en\/fintech-group-ristikkomastojen-ja-terasvalmisteiden-tuotanto\/","url":"https:\/\/fintechgroup.fi\/","name":"FINTECH Monipuoliset ristikkomastot, ukkos ja salamasuojaus, valvonta, EU","isPartOf":{"@id":"https:\/\/fintechgroup.fi\/#website"},"primaryImageOfPage":{"@id":"https:\/\/fintechgroup.fi\/#primaryimage"},"image":{"@id":"https:\/\/fintechgroup.fi\/#primaryimage"},"thumbnailUrl":"https:\/\/fintechgroup.fi\/wp-content\/uploads\/2023\/08\/ristikkomastot.jpg","datePublished":"2023-08-01T04:33:20+00:00","dateModified":"2024-06-11T09:19:29+00:00","description":"Valmistamme ristikkomastoja ukkos -ja salamasuojaukseen, valvontaan, valaistus, energiak\u00e4ytt\u00f6, mittarointi. My\u00f6s siirrett\u00e4vill\u00e4 perustuksilla.","breadcrumb":{"@id":"https:\/\/fintechgroup.fi\/#breadcrumb"},"inLanguage":"en-GB","potentialAction":[{"@type":"ReadAction","target":["https:\/\/fintechgroup.fi\/"]}]},{"@type":"ImageObject","inLanguage":"en-GB","@id":"https:\/\/fintechgroup.fi\/#primaryimage","url":"https:\/\/fintechgroup.fi\/wp-content\/uploads\/2023\/08\/ristikkomastot.jpg","contentUrl":"https:\/\/fintechgroup.fi\/wp-content\/uploads\/2023\/08\/ristikkomastot.jpg","width":1920,"height":1080,"caption":"Muuntamoaseman ukkossuojaus"},{"@type":"BreadcrumbList","@id":"https:\/\/fintechgroup.fi\/#breadcrumb","itemListElement":[{"@type":"ListItem","position":1,"name":"Home","item":"https:\/\/fintechgroup.fi\/"},{"@type":"ListItem","position":2,"name":"Fintech Group metallivalmistaminen ja tuotanto"}]},{"@type":"WebSite","@id":"https:\/\/fintechgroup.fi\/#website","url":"https:\/\/fintechgroup.fi\/","name":"FINTECH GROUP","description":"Ristikkomastot ja k&auml;&auml;nnett&auml;v&auml;t aurinkovoimalat","publisher":{"@id":"https:\/\/fintechgroup.fi\/#organization"},"potentialAction":[{"@type":"SearchAction","target":{"@type":"EntryPoint","urlTemplate":"https:\/\/fintechgroup.fi\/?s={search_term_string}"},"query-input":{"@type":"PropertyValueSpecification","valueRequired":true,"valueName":"search_term_string"}}],"inLanguage":"en-GB"},{"@type":"Organization","@id":"https:\/\/fintechgroup.fi\/#organization","name":"FINTECH GROUP","url":"https:\/\/fintechgroup.fi\/","logo":{"@type":"ImageObject","inLanguage":"en-GB","@id":"https:\/\/fintechgroup.fi\/#\/schema\/logo\/image\/","url":"https:\/\/fintechgroup.fi\/wp-content\/uploads\/2023\/07\/fintech-logo.png","contentUrl":"https:\/\/fintechgroup.fi\/wp-content\/uploads\/2023\/07\/fintech-logo.png","width":654,"height":144,"caption":"FINTECH GROUP"},"image":{"@id":"https:\/\/fintechgroup.fi\/#\/schema\/logo\/image\/"}}]}},"_links":{"self":[{"href":"https:\/\/fintechgroup.fi\/en\/wp-json\/wp\/v2\/pages\/538","targetHints":{"allow":["GET"]}}],"collection":[{"href":"https:\/\/fintechgroup.fi\/en\/wp-json\/wp\/v2\/pages"}],"about":[{"href":"https:\/\/fintechgroup.fi\/en\/wp-json\/wp\/v2\/types\/page"}],"author":[{"embeddable":true,"href":"https:\/\/fintechgroup.fi\/en\/wp-json\/wp\/v2\/users\/1"}],"replies":[{"embeddable":true,"href":"https:\/\/fintechgroup.fi\/en\/wp-json\/wp\/v2\/comments?post=538"}],"version-history":[{"count":5,"href":"https:\/\/fintechgroup.fi\/en\/wp-json\/wp\/v2\/pages\/538\/revisions"}],"predecessor-version":[{"id":1080,"href":"https:\/\/fintechgroup.fi\/en\/wp-json\/wp\/v2\/pages\/538\/revisions\/1080"}],"wp:featuredmedia":[{"embeddable":true,"href":"https:\/\/fintechgroup.fi\/en\/wp-json\/wp\/v2\/media\/576"}],"wp:attachment":[{"href":"https:\/\/fintechgroup.fi\/en\/wp-json\/wp\/v2\/media?parent=538"}],"curies":[{"name":"wp","href":"https:\/\/api.w.org\/{rel}","templated":true}]}}