{"id":489,"date":"2023-07-13T06:20:13","date_gmt":"2023-07-13T06:20:13","guid":{"rendered":"http:\/\/fintechgroup.fi\/?page_id=489"},"modified":"2024-01-23T15:38:04","modified_gmt":"2024-01-23T15:38:04","slug":"muut-tyot","status":"publish","type":"page","link":"https:\/\/fintechgroup.fi\/en\/muut-tyot\/","title":{"rendered":"Other work"},"content":{"rendered":"\t\t<div data-elementor-type=\"wp-page\" data-elementor-id=\"489\" class=\"elementor elementor-489\" data-elementor-post-type=\"page\">\n\t\t\t\t\t\t<section class=\"elementor-section elementor-top-section elementor-element elementor-element-8d12e8b elementor-section-full_width elementor-section-stretched elementor-section-height-default elementor-section-height-default\" data-id=\"8d12e8b\" data-element_type=\"section\" data-e-type=\"section\" data-settings=\"{&quot;stretch_section&quot;:&quot;section-stretched&quot;,&quot;background_background&quot;:&quot;classic&quot;}\">\n\t\t\t\t\t\t<div class=\"elementor-container elementor-column-gap-no\">\n\t\t\t\t\t<div class=\"elementor-column elementor-col-50 elementor-top-column elementor-element elementor-element-330ed51\" data-id=\"330ed51\" data-element_type=\"column\" data-e-type=\"column\">\n\t\t\t<div class=\"elementor-widget-wrap\">\n\t\t\t\t\t\t\t<\/div>\n\t\t<\/div>\n\t\t\t\t<div class=\"elementor-column elementor-col-50 elementor-top-column elementor-element elementor-element-9bab2cd\" data-id=\"9bab2cd\" data-element_type=\"column\" data-e-type=\"column\">\n\t\t\t<div class=\"elementor-widget-wrap elementor-element-populated\">\n\t\t\t\t\t\t<div class=\"elementor-element elementor-element-c738566 elementor-widget elementor-widget-heading\" data-id=\"c738566\" data-element_type=\"widget\" data-e-type=\"widget\" data-widget_type=\"heading.default\">\n\t\t\t\t<div class=\"elementor-widget-container\">\n\t\t\t\t\t<h2 class=\"elementor-heading-title elementor-size-default\">FINTECH OY<\/h2>\t\t\t\t<\/div>\n\t\t\t\t<\/div>\n\t\t\t\t<div class=\"elementor-element elementor-element-b5535ca elementor-widget elementor-widget-heading\" data-id=\"b5535ca\" data-element_type=\"widget\" data-e-type=\"widget\" data-widget_type=\"heading.default\">\n\t\t\t\t<div class=\"elementor-widget-container\">\n\t\t\t\t\t<h2 class=\"elementor-heading-title elementor-size-default\">ERILLISTY\u00d6T<\/h2>\t\t\t\t<\/div>\n\t\t\t\t<\/div>\n\t\t\t\t\t<\/div>\n\t\t<\/div>\n\t\t\t\t\t<\/div>\n\t\t<\/section>\n\t\t\t\t<section class=\"elementor-section elementor-top-section elementor-element elementor-element-057f1b7 elementor-section-full_width elementor-section-stretched elementor-section-height-default elementor-section-height-default\" data-id=\"057f1b7\" data-element_type=\"section\" data-e-type=\"section\" data-settings=\"{&quot;stretch_section&quot;:&quot;section-stretched&quot;}\">\n\t\t\t\t\t\t<div class=\"elementor-container elementor-column-gap-default\">\n\t\t\t\t\t<div class=\"elementor-column elementor-col-100 elementor-top-column elementor-element elementor-element-520fa82\" data-id=\"520fa82\" data-element_type=\"column\" data-e-type=\"column\">\n\t\t\t<div class=\"elementor-widget-wrap elementor-element-populated\">\n\t\t\t\t\t\t<div class=\"elementor-element elementor-element-ee9ba65 elementor-widget__width-initial elementor-widget elementor-widget-text-editor\" data-id=\"ee9ba65\" data-element_type=\"widget\" data-e-type=\"widget\" data-widget_type=\"text-editor.default\">\n\t\t\t\t<div class=\"elementor-widget-container\">\n\t\t\t\t\t\t\t\t\t<h3><strong>Valmistukseen tulossa<\/strong><\/h3>\n<div><strong>&nbsp;<\/strong><\/div>\n<h6>Valmistukseen on tulossa talven aikana 12 metrin kevyit\u00e4 teleskooppimastoja. Soveltuvuus: radiomasto, valvontakameroille, pienet valaisimet, pientuulivoimalat. Tilauksia ja saatavuutta voi tiedustella s\u00e4hk\u00f6postitse. Toimitukset alkavat 2024 talven aikana.<\/h6>\t\t\t\t\t\t\t\t<\/div>\n\t\t\t\t<\/div>\n\t\t\t\t\t<\/div>\n\t\t<\/div>\n\t\t\t\t\t<\/div>\n\t\t<\/section>\n\t\t\t\t<section class=\"elementor-section elementor-top-section elementor-element elementor-element-fd2d295 elementor-section-content-middle elementor-section-stretched elementor-section-boxed elementor-section-height-default elementor-section-height-default\" data-id=\"fd2d295\" data-element_type=\"section\" data-e-type=\"section\" data-settings=\"{&quot;stretch_section&quot;:&quot;section-stretched&quot;}\">\n\t\t\t\t\t\t<div class=\"elementor-container elementor-column-gap-extended\">\n\t\t\t\t\t<div class=\"elementor-column elementor-col-50 elementor-top-column elementor-element elementor-element-612e636c elementor-invisible\" data-id=\"612e636c\" data-element_type=\"column\" data-e-type=\"column\" data-settings=\"{&quot;animation&quot;:&quot;fadeInLeft&quot;}\">\n\t\t\t<div class=\"elementor-widget-wrap elementor-element-populated\">\n\t\t\t\t\t\t<div class=\"elementor-element elementor-element-c6a8508 elementor-widget elementor-widget-heading\" data-id=\"c6a8508\" data-element_type=\"widget\" data-e-type=\"widget\" data-widget_type=\"heading.default\">\n\t\t\t\t<div class=\"elementor-widget-container\">\n\t\t\t\t\t<h2 class=\"elementor-heading-title elementor-size-default\">OTA YHTEYTT\u00c4<\/h2>\t\t\t\t<\/div>\n\t\t\t\t<\/div>\n\t\t\t\t<div class=\"elementor-element elementor-element-ac26318 elementor-widget elementor-widget-text-editor\" data-id=\"ac26318\" data-element_type=\"widget\" data-e-type=\"widget\" data-widget_type=\"text-editor.default\">\n\t\t\t\t<div class=\"elementor-widget-container\">\n\t\t\t\t\t\t\t\t\t<p>Jos tarvitset jotain muuta metallirakenteiden erikoist\u00f6it\u00e4, ole yhteydess\u00e4 meihin, niin suunnitellaan yhdess\u00e4.<\/p>\t\t\t\t\t\t\t\t<\/div>\n\t\t\t\t<\/div>\n\t\t\t\t<div class=\"elementor-element elementor-element-21f3761e elementor-widget elementor-widget-text-editor\" data-id=\"21f3761e\" data-element_type=\"widget\" data-e-type=\"widget\" data-widget_type=\"text-editor.default\">\n\t\t\t\t<div class=\"elementor-widget-container\">\n\t\t\t\t\t\t\t\t\t<p>Fintech group Oy<\/p><p>fintech@gmail.com<\/p><p>puhelin +358 40 847 5441<\/p>\t\t\t\t\t\t\t\t<\/div>\n\t\t\t\t<\/div>\n\t\t\t\t\t<\/div>\n\t\t<\/div>\n\t\t\t\t<div class=\"elementor-column elementor-col-50 elementor-top-column elementor-element elementor-element-b0d66b4\" data-id=\"b0d66b4\" data-element_type=\"column\" data-e-type=\"column\" data-settings=\"{&quot;background_background&quot;:&quot;classic&quot;}\">\n\t\t\t<div class=\"elementor-widget-wrap elementor-element-populated\">\n\t\t\t\t\t\t<div class=\"elementor-element elementor-element-fde1084 elementor-widget__width-initial elementor-button-align-stretch elementor-widget elementor-widget-form\" data-id=\"fde1084\" data-element_type=\"widget\" data-e-type=\"widget\" data-settings=\"{&quot;step_next_label&quot;:&quot;Next&quot;,&quot;step_previous_label&quot;:&quot;Previous&quot;,&quot;button_width&quot;:&quot;100&quot;,&quot;step_type&quot;:&quot;number_text&quot;,&quot;step_icon_shape&quot;:&quot;circle&quot;}\" data-widget_type=\"form.default\">\n\t\t\t\t<div class=\"elementor-widget-container\">\n\t\t\t\t\t\t\t<form class=\"elementor-form\" method=\"post\" name=\"New Form\" aria-label=\"New Form\">\n\t\t\t<input type=\"hidden\" name=\"post_id\" value=\"489\"\/>\n\t\t\t<input type=\"hidden\" name=\"form_id\" value=\"fde1084\"\/>\n\t\t\t<input type=\"hidden\" name=\"referer_title\" value=\"Muut ty\u00f6t - FINTECH\" \/>\n\n\t\t\t\t\t\t\t<input type=\"hidden\" name=\"queried_id\" value=\"489\"\/>\n\t\t\t\n\t\t\t<div class=\"elementor-form-fields-wrapper elementor-labels-above\">\n\t\t\t\t\t\t\t\t<div class=\"elementor-field-type-text elementor-field-group elementor-column elementor-field-group-name elementor-col-50 elementor-field-required\">\n\t\t\t\t\t\t\t\t\t\t\t\t\t<input size=\"1\" type=\"text\" name=\"form_fields[name]\" id=\"form-field-name\" class=\"elementor-field elementor-size-sm  elementor-field-textual\" placeholder=\"Nimi\" required=\"required\">\n\t\t\t\t\t\t\t\t\t\t\t<\/div>\n\t\t\t\t\t\t\t\t<div class=\"elementor-field-type-text elementor-field-group elementor-column elementor-field-group-field_1b0089a elementor-col-50\">\n\t\t\t\t\t\t\t\t\t\t\t\t\t<input size=\"1\" type=\"text\" name=\"form_fields[field_1b0089a]\" id=\"form-field-field_1b0089a\" class=\"elementor-field elementor-size-sm  elementor-field-textual\" placeholder=\"Yritys\">\n\t\t\t\t\t\t\t\t\t\t\t<\/div>\n\t\t\t\t\t\t\t\t<div class=\"elementor-field-type-email elementor-field-group elementor-column elementor-field-group-email elementor-col-50 elementor-field-required\">\n\t\t\t\t\t\t\t\t\t\t\t\t\t<input size=\"1\" type=\"email\" name=\"form_fields[email]\" id=\"form-field-email\" class=\"elementor-field elementor-size-sm  elementor-field-textual\" placeholder=\"S\u00e4hk\u00f6posti\" required=\"required\">\n\t\t\t\t\t\t\t\t\t\t\t<\/div>\n\t\t\t\t\t\t\t\t<div class=\"elementor-field-type-text elementor-field-group elementor-column elementor-field-group-field_2b6b33d elementor-col-50 elementor-field-required\">\n\t\t\t\t\t\t\t\t\t\t\t\t\t<input size=\"1\" type=\"text\" name=\"form_fields[field_2b6b33d]\" id=\"form-field-field_2b6b33d\" class=\"elementor-field elementor-size-sm  elementor-field-textual\" placeholder=\"Puhelin\" required=\"required\">\n\t\t\t\t\t\t\t\t\t\t\t<\/div>\n\t\t\t\t\t\t\t\t<div class=\"elementor-field-type-textarea elementor-field-group elementor-column elementor-field-group-message elementor-col-100 elementor-field-required\">\n\t\t\t\t\t<textarea class=\"elementor-field-textual elementor-field  elementor-size-sm\" name=\"form_fields[message]\" id=\"form-field-message\" rows=\"4\" placeholder=\"Viesti\" required=\"required\"><\/textarea>\t\t\t\t<\/div>\n\t\t\t\t\t\t\t\t<div class=\"elementor-field-group elementor-column elementor-field-type-submit elementor-col-100 e-form__buttons\">\n\t\t\t\t\t<button class=\"elementor-button elementor-size-sm\" type=\"submit\">\n\t\t\t\t\t\t<span class=\"elementor-button-content-wrapper\">\n\t\t\t\t\t\t\t\t\t\t\t\t\t\t\t\t\t\t\t\t\t\t<span class=\"elementor-button-text\">L\u00c4HET\u00c4<\/span>\n\t\t\t\t\t\t\t\t\t\t\t\t\t<\/span>\n\t\t\t\t\t<\/button>\n\t\t\t\t<\/div>\n\t\t\t<\/div>\n\t\t<\/form>\n\t\t\t\t\t\t<\/div>\n\t\t\t\t<\/div>\n\t\t\t\t\t<\/div>\n\t\t<\/div>\n\t\t\t\t\t<\/div>\n\t\t<\/section>\n\t\t\t\t<section class=\"elementor-section elementor-top-section elementor-element elementor-element-6f86230 elementor-section-boxed elementor-section-height-default elementor-section-height-default\" data-id=\"6f86230\" data-element_type=\"section\" data-e-type=\"section\">\n\t\t\t\t\t\t<div class=\"elementor-container elementor-column-gap-default\">\n\t\t\t\t\t<div class=\"elementor-column elementor-col-100 elementor-top-column elementor-element elementor-element-a59c65f\" data-id=\"a59c65f\" data-element_type=\"column\" data-e-type=\"column\">\n\t\t\t<div class=\"elementor-widget-wrap elementor-element-populated\">\n\t\t\t\t\t\t<div class=\"elementor-element elementor-element-e3b27ac elementor-widget elementor-widget-text-editor\" data-id=\"e3b27ac\" data-element_type=\"widget\" data-e-type=\"widget\" data-widget_type=\"text-editor.default\">\n\t\t\t\t<div class=\"elementor-widget-container\">\n\t\t\t\t\t\t\t\t\t<p>Yhteisty\u00f6kumppanimme Reebu Oy tarjoaa <a href=\"http:\/\/www.reebu.fi\">s\u00e4hk\u00f6ty\u00f6t ja urakointia M\u00e4nts\u00e4l\u00e4ss\u00e4. www.reebu.fi<\/a><\/p>\t\t\t\t\t\t\t\t<\/div>\n\t\t\t\t<\/div>\n\t\t\t\t\t<\/div>\n\t\t<\/div>\n\t\t\t\t\t<\/div>\n\t\t<\/section>\n\t\t\t\t<\/div>\n\t\t","protected":false},"excerpt":{"rendered":"<p>FINTECH OY SPECIAL WORKS Coming into production 12 metre lightweight telescopic masts are coming into production during the winter. Suitability: radio mast, for surveillance cameras, small lighting fixtures, small wind turbines. For orders and availability, please contact us by e-mail. Deliveries will start during the winter of 2024. CONTACT US If you need any other specialised metal construction work, please contact us and we will design together. Fintech group Oy fintech@gmail.com tel +358 40 847 5441... <a class=\"more-link\" href=\"https:\/\/fintechgroup.fi\/en\/muut-tyot\/\">Continue reading <span class=\"screen-reader-text\">Other work<\/span><\/a><\/p>","protected":false},"author":1,"featured_media":0,"parent":0,"menu_order":0,"comment_status":"closed","ping_status":"closed","template":"","meta":{"footnotes":""},"class_list":["post-489","page","type-page","status-publish","hentry","entry"],"yoast_head":"<!-- This site is optimized with the Yoast SEO plugin v27.4 - https:\/\/yoast.com\/product\/yoast-seo-wordpress\/ -->\n<title>Muut ty\u00f6t - FINTECH<\/title>\n<meta name=\"robots\" content=\"index, follow, max-snippet:-1, max-image-preview:large, max-video-preview:-1\" \/>\n<link rel=\"canonical\" href=\"https:\/\/fintechgroup.fi\/en\/muut-tyot\/\" \/>\n<meta property=\"og:locale\" content=\"en_GB\" \/>\n<meta property=\"og:type\" content=\"article\" \/>\n<meta property=\"og:title\" content=\"Muut ty\u00f6t - FINTECH\" \/>\n<meta property=\"og:description\" content=\"FINTECH OY ERILLISTY\u00d6T Valmistukseen tulossa &nbsp; Valmistukseen on tulossa talven aikana 12 metrin kevyit\u00e4 teleskooppimastoja. Soveltuvuus: radiomasto, valvontakameroille, pienet valaisimet, pientuulivoimalat. Tilauksia ja saatavuutta voi tiedustella s\u00e4hk\u00f6postitse. Toimitukset alkavat 2024 talven aikana. OTA YHTEYTT\u00c4 Jos tarvitset jotain muuta metallirakenteiden erikoist\u00f6it\u00e4, ole yhteydess\u00e4 meihin, niin suunnitellaan yhdess\u00e4. Fintech group Oy fintech@gmail.com puhelin +358 40 847 5441&hellip; Continue reading Muut ty\u00f6t\" \/>\n<meta property=\"og:url\" content=\"https:\/\/fintechgroup.fi\/en\/muut-tyot\/\" \/>\n<meta property=\"og:site_name\" content=\"FINTECH\" \/>\n<meta property=\"article:modified_time\" content=\"2024-01-23T15:38:04+00:00\" \/>\n<meta name=\"twitter:card\" content=\"summary_large_image\" \/>\n<meta name=\"twitter:label1\" content=\"Estimated reading time\" \/>\n\t<meta name=\"twitter:data1\" content=\"1 minute\" \/>\n<script type=\"application\/ld+json\" class=\"yoast-schema-graph\">{\"@context\":\"https:\\\/\\\/schema.org\",\"@graph\":[{\"@type\":\"WebPage\",\"@id\":\"https:\\\/\\\/fintechgroup.fi\\\/en\\\/muut-tyot\\\/\",\"url\":\"https:\\\/\\\/fintechgroup.fi\\\/en\\\/muut-tyot\\\/\",\"name\":\"Muut ty\u00f6t - FINTECH\",\"isPartOf\":{\"@id\":\"https:\\\/\\\/fintechgroup.fi\\\/#website\"},\"datePublished\":\"2023-07-13T06:20:13+00:00\",\"dateModified\":\"2024-01-23T15:38:04+00:00\",\"breadcrumb\":{\"@id\":\"https:\\\/\\\/fintechgroup.fi\\\/en\\\/muut-tyot\\\/#breadcrumb\"},\"inLanguage\":\"en-GB\",\"potentialAction\":[{\"@type\":\"ReadAction\",\"target\":[\"https:\\\/\\\/fintechgroup.fi\\\/en\\\/muut-tyot\\\/\"]}]},{\"@type\":\"BreadcrumbList\",\"@id\":\"https:\\\/\\\/fintechgroup.fi\\\/en\\\/muut-tyot\\\/#breadcrumb\",\"itemListElement\":[{\"@type\":\"ListItem\",\"position\":1,\"name\":\"Home\",\"item\":\"https:\\\/\\\/fintechgroup.fi\\\/\"},{\"@type\":\"ListItem\",\"position\":2,\"name\":\"Muut ty\u00f6t\"}]},{\"@type\":\"WebSite\",\"@id\":\"https:\\\/\\\/fintechgroup.fi\\\/#website\",\"url\":\"https:\\\/\\\/fintechgroup.fi\\\/\",\"name\":\"FINTECH GROUP\",\"description\":\"Ristikkomastot ja k&auml;&auml;nnett&auml;v&auml;t aurinkovoimalat\",\"publisher\":{\"@id\":\"https:\\\/\\\/fintechgroup.fi\\\/#organization\"},\"potentialAction\":[{\"@type\":\"SearchAction\",\"target\":{\"@type\":\"EntryPoint\",\"urlTemplate\":\"https:\\\/\\\/fintechgroup.fi\\\/?s={search_term_string}\"},\"query-input\":{\"@type\":\"PropertyValueSpecification\",\"valueRequired\":true,\"valueName\":\"search_term_string\"}}],\"inLanguage\":\"en-GB\"},{\"@type\":\"Organization\",\"@id\":\"https:\\\/\\\/fintechgroup.fi\\\/#organization\",\"name\":\"FINTECH GROUP\",\"url\":\"https:\\\/\\\/fintechgroup.fi\\\/\",\"logo\":{\"@type\":\"ImageObject\",\"inLanguage\":\"en-GB\",\"@id\":\"https:\\\/\\\/fintechgroup.fi\\\/#\\\/schema\\\/logo\\\/image\\\/\",\"url\":\"https:\\\/\\\/fintechgroup.fi\\\/wp-content\\\/uploads\\\/2023\\\/07\\\/fintech-logo.png\",\"contentUrl\":\"https:\\\/\\\/fintechgroup.fi\\\/wp-content\\\/uploads\\\/2023\\\/07\\\/fintech-logo.png\",\"width\":654,\"height\":144,\"caption\":\"FINTECH GROUP\"},\"image\":{\"@id\":\"https:\\\/\\\/fintechgroup.fi\\\/#\\\/schema\\\/logo\\\/image\\\/\"}}]}<\/script>\n<!-- \/ Yoast SEO plugin. -->","yoast_head_json":{"title":"Muut ty\u00f6t - FINTECH","robots":{"index":"index","follow":"follow","max-snippet":"max-snippet:-1","max-image-preview":"max-image-preview:large","max-video-preview":"max-video-preview:-1"},"canonical":"https:\/\/fintechgroup.fi\/en\/muut-tyot\/","og_locale":"en_GB","og_type":"article","og_title":"Muut ty\u00f6t - FINTECH","og_description":"FINTECH OY ERILLISTY\u00d6T Valmistukseen tulossa &nbsp; Valmistukseen on tulossa talven aikana 12 metrin kevyit\u00e4 teleskooppimastoja. Soveltuvuus: radiomasto, valvontakameroille, pienet valaisimet, pientuulivoimalat. Tilauksia ja saatavuutta voi tiedustella s\u00e4hk\u00f6postitse. Toimitukset alkavat 2024 talven aikana. OTA YHTEYTT\u00c4 Jos tarvitset jotain muuta metallirakenteiden erikoist\u00f6it\u00e4, ole yhteydess\u00e4 meihin, niin suunnitellaan yhdess\u00e4. Fintech group Oy fintech@gmail.com puhelin +358 40 847 5441&hellip; Continue reading Muut ty\u00f6t","og_url":"https:\/\/fintechgroup.fi\/en\/muut-tyot\/","og_site_name":"FINTECH","article_modified_time":"2024-01-23T15:38:04+00:00","twitter_card":"summary_large_image","twitter_misc":{"Estimated reading time":"1 minute"},"schema":{"@context":"https:\/\/schema.org","@graph":[{"@type":"WebPage","@id":"https:\/\/fintechgroup.fi\/en\/muut-tyot\/","url":"https:\/\/fintechgroup.fi\/en\/muut-tyot\/","name":"Muut ty\u00f6t - FINTECH","isPartOf":{"@id":"https:\/\/fintechgroup.fi\/#website"},"datePublished":"2023-07-13T06:20:13+00:00","dateModified":"2024-01-23T15:38:04+00:00","breadcrumb":{"@id":"https:\/\/fintechgroup.fi\/en\/muut-tyot\/#breadcrumb"},"inLanguage":"en-GB","potentialAction":[{"@type":"ReadAction","target":["https:\/\/fintechgroup.fi\/en\/muut-tyot\/"]}]},{"@type":"BreadcrumbList","@id":"https:\/\/fintechgroup.fi\/en\/muut-tyot\/#breadcrumb","itemListElement":[{"@type":"ListItem","position":1,"name":"Home","item":"https:\/\/fintechgroup.fi\/"},{"@type":"ListItem","position":2,"name":"Muut ty\u00f6t"}]},{"@type":"WebSite","@id":"https:\/\/fintechgroup.fi\/#website","url":"https:\/\/fintechgroup.fi\/","name":"FINTECH GROUP","description":"Ristikkomastot ja k&auml;&auml;nnett&auml;v&auml;t aurinkovoimalat","publisher":{"@id":"https:\/\/fintechgroup.fi\/#organization"},"potentialAction":[{"@type":"SearchAction","target":{"@type":"EntryPoint","urlTemplate":"https:\/\/fintechgroup.fi\/?s={search_term_string}"},"query-input":{"@type":"PropertyValueSpecification","valueRequired":true,"valueName":"search_term_string"}}],"inLanguage":"en-GB"},{"@type":"Organization","@id":"https:\/\/fintechgroup.fi\/#organization","name":"FINTECH GROUP","url":"https:\/\/fintechgroup.fi\/","logo":{"@type":"ImageObject","inLanguage":"en-GB","@id":"https:\/\/fintechgroup.fi\/#\/schema\/logo\/image\/","url":"https:\/\/fintechgroup.fi\/wp-content\/uploads\/2023\/07\/fintech-logo.png","contentUrl":"https:\/\/fintechgroup.fi\/wp-content\/uploads\/2023\/07\/fintech-logo.png","width":654,"height":144,"caption":"FINTECH GROUP"},"image":{"@id":"https:\/\/fintechgroup.fi\/#\/schema\/logo\/image\/"}}]}},"_links":{"self":[{"href":"https:\/\/fintechgroup.fi\/en\/wp-json\/wp\/v2\/pages\/489","targetHints":{"allow":["GET"]}}],"collection":[{"href":"https:\/\/fintechgroup.fi\/en\/wp-json\/wp\/v2\/pages"}],"about":[{"href":"https:\/\/fintechgroup.fi\/en\/wp-json\/wp\/v2\/types\/page"}],"author":[{"embeddable":true,"href":"https:\/\/fintechgroup.fi\/en\/wp-json\/wp\/v2\/users\/1"}],"replies":[{"embeddable":true,"href":"https:\/\/fintechgroup.fi\/en\/wp-json\/wp\/v2\/comments?post=489"}],"version-history":[{"count":37,"href":"https:\/\/fintechgroup.fi\/en\/wp-json\/wp\/v2\/pages\/489\/revisions"}],"predecessor-version":[{"id":1072,"href":"https:\/\/fintechgroup.fi\/en\/wp-json\/wp\/v2\/pages\/489\/revisions\/1072"}],"wp:attachment":[{"href":"https:\/\/fintechgroup.fi\/en\/wp-json\/wp\/v2\/media?parent=489"}],"curies":[{"name":"wp","href":"https:\/\/api.w.org\/{rel}","templated":true}]}}