{"id":488,"date":"2023-07-13T06:20:05","date_gmt":"2023-07-13T06:20:05","guid":{"rendered":"http:\/\/fintechgroup.fi\/?page_id=488"},"modified":"2023-10-26T06:45:52","modified_gmt":"2023-10-26T06:45:52","slug":"yritys","status":"publish","type":"page","link":"https:\/\/fintechgroup.fi\/en\/yritys\/","title":{"rendered":"Company"},"content":{"rendered":"\t\t<div data-elementor-type=\"wp-page\" data-elementor-id=\"488\" class=\"elementor elementor-488\" data-elementor-post-type=\"page\">\n\t\t\t\t\t\t<section class=\"elementor-section elementor-top-section elementor-element elementor-element-8d12e8b elementor-section-full_width elementor-section-stretched elementor-section-height-default elementor-section-height-default\" data-id=\"8d12e8b\" data-element_type=\"section\" data-e-type=\"section\" data-settings=\"{&quot;stretch_section&quot;:&quot;section-stretched&quot;,&quot;background_background&quot;:&quot;classic&quot;}\">\n\t\t\t\t\t\t<div class=\"elementor-container elementor-column-gap-no\">\n\t\t\t\t\t<div class=\"elementor-column elementor-col-50 elementor-top-column elementor-element elementor-element-330ed51\" data-id=\"330ed51\" data-element_type=\"column\" data-e-type=\"column\">\n\t\t\t<div class=\"elementor-widget-wrap\">\n\t\t\t\t\t\t\t<\/div>\n\t\t<\/div>\n\t\t\t\t<div class=\"elementor-column elementor-col-50 elementor-top-column elementor-element elementor-element-9bab2cd\" data-id=\"9bab2cd\" data-element_type=\"column\" data-e-type=\"column\">\n\t\t\t<div class=\"elementor-widget-wrap elementor-element-populated\">\n\t\t\t\t\t\t<div class=\"elementor-element elementor-element-c738566 elementor-widget elementor-widget-heading\" data-id=\"c738566\" data-element_type=\"widget\" data-e-type=\"widget\" data-widget_type=\"heading.default\">\n\t\t\t\t<div class=\"elementor-widget-container\">\n\t\t\t\t\t<h2 class=\"elementor-heading-title elementor-size-default\">FINTECH OY<\/h2>\t\t\t\t<\/div>\n\t\t\t\t<\/div>\n\t\t\t\t<div class=\"elementor-element elementor-element-b5535ca elementor-widget elementor-widget-heading\" data-id=\"b5535ca\" data-element_type=\"widget\" data-e-type=\"widget\" data-widget_type=\"heading.default\">\n\t\t\t\t<div class=\"elementor-widget-container\">\n\t\t\t\t\t<h2 class=\"elementor-heading-title elementor-size-default\">YRITYS<\/h2>\t\t\t\t<\/div>\n\t\t\t\t<\/div>\n\t\t\t\t<div class=\"elementor-element elementor-element-369b48c elementor-widget-tablet__width-initial elementor-widget elementor-widget-text-editor\" data-id=\"369b48c\" data-element_type=\"widget\" data-e-type=\"widget\" data-widget_type=\"text-editor.default\">\n\t\t\t\t<div class=\"elementor-widget-container\">\n\t\t\t\t\t\t\t\t\t<p><span style=\"font-weight: 400;\">metallirakentamisen ja metallivalmistamisen erikoisosaaja.\u00a0<\/span><\/p>\t\t\t\t\t\t\t\t<\/div>\n\t\t\t\t<\/div>\n\t\t\t\t\t<\/div>\n\t\t<\/div>\n\t\t\t\t\t<\/div>\n\t\t<\/section>\n\t\t\t\t<section class=\"elementor-section elementor-top-section elementor-element elementor-element-fd2d295 elementor-section-content-top elementor-section-stretched elementor-section-boxed elementor-section-height-default elementor-section-height-default\" data-id=\"fd2d295\" data-element_type=\"section\" data-e-type=\"section\" data-settings=\"{&quot;stretch_section&quot;:&quot;section-stretched&quot;}\">\n\t\t\t\t\t\t<div class=\"elementor-container elementor-column-gap-extended\">\n\t\t\t\t\t<div class=\"elementor-column elementor-col-50 elementor-top-column elementor-element elementor-element-612e636c elementor-invisible\" data-id=\"612e636c\" data-element_type=\"column\" data-e-type=\"column\" data-settings=\"{&quot;animation&quot;:&quot;fadeInLeft&quot;}\">\n\t\t\t<div class=\"elementor-widget-wrap elementor-element-populated\">\n\t\t\t\t\t\t<div class=\"elementor-element elementor-element-8ac4779 elementor-widget elementor-widget-text-editor\" data-id=\"8ac4779\" data-element_type=\"widget\" data-e-type=\"widget\" data-widget_type=\"text-editor.default\">\n\t\t\t\t<div class=\"elementor-widget-container\">\n\t\t\t\t\t\t\t\t\t<div dir=\"auto\">Olemme jatkuvasti toimintaa kehitt\u00e4v\u00e4 kotimainen yritys.<\/div><div dir=\"auto\">Toiminta-alueeseemme kuuluvat k\u00e4\u00e4nnett\u00e4vien aurinkovoimaloiden valmistus, myynti ja huolto sek\u00e4 ristikkomastojen valmistus, myynti, huolto ja asennus.\u00a0<\/div><div dir=\"auto\">\u00a0<\/div><div dir=\"auto\">Olemme yhdist\u00e4neet ja edist\u00e4neet osaamistamme jatkuvasti. Ydinryhm\u00e4mme koostuu pitk\u00e4aikaista kokemusta omaavasta teollisuuden metallin ty\u00f6st\u00f6n ja valmistuksen osaajista. Uusimpana tuoteperheen\u00e4 kotimaiset avainlipulla varustetut k\u00e4\u00e4nnett\u00e4v\u00e4t aurinkovoimalat sek\u00e4 n\u00e4iden rakenteet ja siirrett\u00e4v\u00e4t pintaperustukset.\u00a0<\/div><div dir=\"auto\">\u00a0<\/div><div dir=\"auto\">Toiminnan kehittyess\u00e4 my\u00f6s tuoteperheet ja integraatio lis\u00e4\u00e4ntyv\u00e4t ja energiatrendin kasvaessa osa-alueelle keskittyy vahvasti my\u00f6s uusia tuoteryhmi\u00e4, jolloin seuraavien vuosien aikana t\u00e4m\u00e4 tulee n\u00e4kym\u00e4\u00e4n vahvasti tuotteissa ja valmistuksessa niin Suomen kuin my\u00f6s Euroopan markkinoiden osalta.<\/div><div dir=\"auto\">\u00a0<\/div><div dir=\"auto\">Markkina-alueemme on maailmanlaajuinen ja globaali. Vahvaa jalansijaa l\u00f6ytyy jo asiakaskunnasta toimitettujen\u00a0 ristikkomastojen parissa jo useista maista ja organisaatioista.<\/div><div dir=\"auto\">\u00a0<\/div><div dir=\"auto\">Yrityksemme hyvin vahvana tukijalkana\u00a0 on todella suuri kotimaisuusaste; valmistus &#8211; myynti &#8211; huolto &#8211; rahti &#8211; asennus.<\/div><div dir=\"auto\">Asiakaskuntaamme kuuluu niin pieni\u00e4 kuin suuria yrityksi\u00e4,\u00a0 globaaleja toimijoita sek\u00e4 valtioiden alaisia instituutioita.<\/div><div dir=\"auto\">\u00a0<\/div><div dir=\"auto\"><p>\u00a0<\/p><\/div>\t\t\t\t\t\t\t\t<\/div>\n\t\t\t\t<\/div>\n\t\t\t\t\t<\/div>\n\t\t<\/div>\n\t\t\t\t<div class=\"elementor-column elementor-col-50 elementor-top-column elementor-element elementor-element-b0d66b4\" data-id=\"b0d66b4\" data-element_type=\"column\" data-e-type=\"column\" data-settings=\"{&quot;background_background&quot;:&quot;classic&quot;}\">\n\t\t\t<div class=\"elementor-widget-wrap elementor-element-populated\">\n\t\t\t\t\t\t<div class=\"elementor-element elementor-element-1f310db elementor-widget elementor-widget-text-editor\" data-id=\"1f310db\" data-element_type=\"widget\" data-e-type=\"widget\" data-widget_type=\"text-editor.default\">\n\t\t\t\t<div class=\"elementor-widget-container\">\n\t\t\t\t\t\t\t\t\t<p>Yrityksemme ydinosaajat my\u00f6s puhaltavat vahvasti yhteen hiileen, jonka johdosta meill\u00e4 on mahdollisuus tarjota laajempaa palvelualuetta asiakkaillemme.\u00a0<\/p><p>Palveluitamme ovat mm.\u00a0<br \/>&#8211; metallin ty\u00f6st\u00f6 laajasti<br \/>&#8211; leikkeet<br \/>&#8211; hitsausty\u00f6t ter\u00e4kset\/alumiini<br \/>&#8211; s\u00e4hk\u00f6ty\u00f6t ja urakointi<br \/>&#8211; aurinkovoimalatelineet<br \/>&#8211; ristikkomastot<\/p><p>Tarvittaessa my\u00f6s ter\u00e4srakenteiden suunnittelu ja mitoitus. Asennukset ja kokoonpano kaikille tuotteillemme.<\/p>\t\t\t\t\t\t\t\t<\/div>\n\t\t\t\t<\/div>\n\t\t\t\t<div class=\"elementor-element elementor-element-8460dc4 elementor-widget elementor-widget-image\" data-id=\"8460dc4\" data-element_type=\"widget\" data-e-type=\"widget\" data-widget_type=\"image.default\">\n\t\t\t\t<div class=\"elementor-widget-container\">\n\t\t\t\t\t\t\t\t\t\t\t\t\t\t\t<img fetchpriority=\"high\" decoding=\"async\" width=\"750\" height=\"338\" src=\"https:\/\/fintechgroup.fi\/wp-content\/uploads\/2023\/08\/aurinkovoimaloiden-asentaminen-1024x462.jpg\" class=\"attachment-large size-large wp-image-594\" alt=\"\" srcset=\"https:\/\/fintechgroup.fi\/wp-content\/uploads\/2023\/08\/aurinkovoimaloiden-asentaminen-1024x462.jpg 1024w, https:\/\/fintechgroup.fi\/wp-content\/uploads\/2023\/08\/aurinkovoimaloiden-asentaminen-300x135.jpg 300w, https:\/\/fintechgroup.fi\/wp-content\/uploads\/2023\/08\/aurinkovoimaloiden-asentaminen-768x346.jpg 768w, https:\/\/fintechgroup.fi\/wp-content\/uploads\/2023\/08\/aurinkovoimaloiden-asentaminen-1536x693.jpg 1536w, https:\/\/fintechgroup.fi\/wp-content\/uploads\/2023\/08\/aurinkovoimaloiden-asentaminen-2048x924.jpg 2048w, https:\/\/fintechgroup.fi\/wp-content\/uploads\/2023\/08\/aurinkovoimaloiden-asentaminen-1568x707.jpg 1568w\" sizes=\"(max-width: 750px) 100vw, 750px\" style=\"width:100%;height:45.12%;max-width:2560px\" \/>\t\t\t\t\t\t\t\t\t\t\t\t\t\t\t<\/div>\n\t\t\t\t<\/div>\n\t\t\t\t<div class=\"elementor-element elementor-element-528e1ea elementor-widget__width-initial elementor-button-align-stretch elementor-widget elementor-widget-form\" data-id=\"528e1ea\" data-element_type=\"widget\" data-e-type=\"widget\" data-settings=\"{&quot;step_next_label&quot;:&quot;Next&quot;,&quot;step_previous_label&quot;:&quot;Previous&quot;,&quot;button_width&quot;:&quot;100&quot;,&quot;step_type&quot;:&quot;number_text&quot;,&quot;step_icon_shape&quot;:&quot;circle&quot;}\" data-widget_type=\"form.default\">\n\t\t\t\t<div class=\"elementor-widget-container\">\n\t\t\t\t\t\t\t<form class=\"elementor-form\" method=\"post\" name=\"New Form\" aria-label=\"New Form\">\n\t\t\t<input type=\"hidden\" name=\"post_id\" value=\"488\"\/>\n\t\t\t<input type=\"hidden\" name=\"form_id\" value=\"528e1ea\"\/>\n\t\t\t<input type=\"hidden\" name=\"referer_title\" value=\"Yritys - FINTECH\" \/>\n\n\t\t\t\t\t\t\t<input type=\"hidden\" name=\"queried_id\" value=\"488\"\/>\n\t\t\t\n\t\t\t<div class=\"elementor-form-fields-wrapper elementor-labels-above\">\n\t\t\t\t\t\t\t\t<div class=\"elementor-field-type-text elementor-field-group elementor-column elementor-field-group-name elementor-col-50 elementor-field-required\">\n\t\t\t\t\t\t\t\t\t\t\t\t\t<input size=\"1\" type=\"text\" name=\"form_fields[name]\" id=\"form-field-name\" class=\"elementor-field elementor-size-sm  elementor-field-textual\" placeholder=\"Nimi\" required=\"required\">\n\t\t\t\t\t\t\t\t\t\t\t<\/div>\n\t\t\t\t\t\t\t\t<div class=\"elementor-field-type-text elementor-field-group elementor-column elementor-field-group-field_1b0089a elementor-col-50\">\n\t\t\t\t\t\t\t\t\t\t\t\t\t<input size=\"1\" type=\"text\" name=\"form_fields[field_1b0089a]\" id=\"form-field-field_1b0089a\" class=\"elementor-field elementor-size-sm  elementor-field-textual\" placeholder=\"Yritys\">\n\t\t\t\t\t\t\t\t\t\t\t<\/div>\n\t\t\t\t\t\t\t\t<div class=\"elementor-field-type-email elementor-field-group elementor-column elementor-field-group-email elementor-col-50 elementor-field-required\">\n\t\t\t\t\t\t\t\t\t\t\t\t\t<input size=\"1\" type=\"email\" name=\"form_fields[email]\" id=\"form-field-email\" class=\"elementor-field elementor-size-sm  elementor-field-textual\" placeholder=\"S\u00e4hk\u00f6posti\" required=\"required\">\n\t\t\t\t\t\t\t\t\t\t\t<\/div>\n\t\t\t\t\t\t\t\t<div class=\"elementor-field-type-text elementor-field-group elementor-column elementor-field-group-field_2b6b33d elementor-col-50 elementor-field-required\">\n\t\t\t\t\t\t\t\t\t\t\t\t\t<input size=\"1\" type=\"text\" name=\"form_fields[field_2b6b33d]\" id=\"form-field-field_2b6b33d\" class=\"elementor-field elementor-size-sm  elementor-field-textual\" placeholder=\"Puhelin\" required=\"required\">\n\t\t\t\t\t\t\t\t\t\t\t<\/div>\n\t\t\t\t\t\t\t\t<div class=\"elementor-field-type-textarea elementor-field-group elementor-column elementor-field-group-message elementor-col-100 elementor-field-required\">\n\t\t\t\t\t<textarea class=\"elementor-field-textual elementor-field  elementor-size-sm\" name=\"form_fields[message]\" id=\"form-field-message\" rows=\"4\" placeholder=\"Viesti\" required=\"required\"><\/textarea>\t\t\t\t<\/div>\n\t\t\t\t\t\t\t\t<div class=\"elementor-field-group elementor-column elementor-field-type-submit elementor-col-100 e-form__buttons\">\n\t\t\t\t\t<button class=\"elementor-button elementor-size-sm\" type=\"submit\">\n\t\t\t\t\t\t<span class=\"elementor-button-content-wrapper\">\n\t\t\t\t\t\t\t\t\t\t\t\t\t\t\t\t\t\t\t\t\t\t<span class=\"elementor-button-text\">L\u00c4HET\u00c4<\/span>\n\t\t\t\t\t\t\t\t\t\t\t\t\t<\/span>\n\t\t\t\t\t<\/button>\n\t\t\t\t<\/div>\n\t\t\t<\/div>\n\t\t<\/form>\n\t\t\t\t\t\t<\/div>\n\t\t\t\t<\/div>\n\t\t\t\t\t<\/div>\n\t\t<\/div>\n\t\t\t\t\t<\/div>\n\t\t<\/section>\n\t\t\t\t<\/div>\n\t\t","protected":false},"excerpt":{"rendered":"<p>FINTECH OY COMPANY Specialist in metal construction and metal fabrication.  We are a domestic company in continuous development.Our activities include the manufacture, sale and service of reversible solar power plants and the manufacture, sale, service and installation of lattice towers.  We have continuously combined and developed our expertise. Our core team consists of industrial metal machining and fabrication specialists with many years of experience. Our latest product line includes domestic key-flag reversible solar power plants, their structures and mobile... <a class=\"more-link\" href=\"https:\/\/fintechgroup.fi\/en\/yritys\/\">Continue reading <span class=\"screen-reader-text\">Company<\/span><\/a><\/p>","protected":false},"author":1,"featured_media":0,"parent":0,"menu_order":0,"comment_status":"closed","ping_status":"closed","template":"","meta":{"footnotes":""},"class_list":["post-488","page","type-page","status-publish","hentry","entry"],"yoast_head":"<!-- This site is optimized with the Yoast SEO plugin v27.4 - https:\/\/yoast.com\/product\/yoast-seo-wordpress\/ -->\n<title>Yritys - FINTECH<\/title>\n<meta name=\"robots\" content=\"index, follow, max-snippet:-1, max-image-preview:large, max-video-preview:-1\" \/>\n<link rel=\"canonical\" href=\"https:\/\/fintechgroup.fi\/en\/yritys\/\" \/>\n<meta property=\"og:locale\" content=\"en_GB\" \/>\n<meta property=\"og:type\" content=\"article\" \/>\n<meta property=\"og:title\" content=\"Yritys - FINTECH\" \/>\n<meta property=\"og:description\" content=\"FINTECH OY YRITYS metallirakentamisen ja metallivalmistamisen erikoisosaaja.\u00a0 Olemme jatkuvasti toimintaa kehitt\u00e4v\u00e4 kotimainen yritys.Toiminta-alueeseemme kuuluvat k\u00e4\u00e4nnett\u00e4vien aurinkovoimaloiden valmistus, myynti ja huolto sek\u00e4 ristikkomastojen valmistus, myynti, huolto ja asennus.\u00a0\u00a0Olemme yhdist\u00e4neet ja edist\u00e4neet osaamistamme jatkuvasti. Ydinryhm\u00e4mme koostuu pitk\u00e4aikaista kokemusta omaavasta teollisuuden metallin ty\u00f6st\u00f6n ja valmistuksen osaajista. Uusimpana tuoteperheen\u00e4 kotimaiset avainlipulla varustetut k\u00e4\u00e4nnett\u00e4v\u00e4t aurinkovoimalat sek\u00e4 n\u00e4iden rakenteet ja siirrett\u00e4v\u00e4t&hellip; Continue reading Yritys\" \/>\n<meta property=\"og:url\" content=\"https:\/\/fintechgroup.fi\/en\/yritys\/\" \/>\n<meta property=\"og:site_name\" content=\"FINTECH\" \/>\n<meta property=\"article:modified_time\" content=\"2023-10-26T06:45:52+00:00\" \/>\n<meta property=\"og:image\" content=\"http:\/\/fintechgroup.fi\/wp-content\/uploads\/2023\/08\/aurinkovoimaloiden-asentaminen-1024x462.jpg\" \/>\n<meta name=\"twitter:card\" content=\"summary_large_image\" \/>\n<meta name=\"twitter:label1\" content=\"Estimated reading time\" \/>\n\t<meta name=\"twitter:data1\" content=\"1 minute\" \/>\n<script type=\"application\/ld+json\" class=\"yoast-schema-graph\">{\"@context\":\"https:\\\/\\\/schema.org\",\"@graph\":[{\"@type\":\"WebPage\",\"@id\":\"https:\\\/\\\/fintechgroup.fi\\\/yritys\\\/\",\"url\":\"https:\\\/\\\/fintechgroup.fi\\\/yritys\\\/\",\"name\":\"Yritys - FINTECH\",\"isPartOf\":{\"@id\":\"https:\\\/\\\/fintechgroup.fi\\\/#website\"},\"primaryImageOfPage\":{\"@id\":\"https:\\\/\\\/fintechgroup.fi\\\/yritys\\\/#primaryimage\"},\"image\":{\"@id\":\"https:\\\/\\\/fintechgroup.fi\\\/yritys\\\/#primaryimage\"},\"thumbnailUrl\":\"http:\\\/\\\/fintechgroup.fi\\\/wp-content\\\/uploads\\\/2023\\\/08\\\/aurinkovoimaloiden-asentaminen-1024x462.jpg\",\"datePublished\":\"2023-07-13T06:20:05+00:00\",\"dateModified\":\"2023-10-26T06:45:52+00:00\",\"breadcrumb\":{\"@id\":\"https:\\\/\\\/fintechgroup.fi\\\/yritys\\\/#breadcrumb\"},\"inLanguage\":\"en-GB\",\"potentialAction\":[{\"@type\":\"ReadAction\",\"target\":[\"https:\\\/\\\/fintechgroup.fi\\\/yritys\\\/\"]}]},{\"@type\":\"ImageObject\",\"inLanguage\":\"en-GB\",\"@id\":\"https:\\\/\\\/fintechgroup.fi\\\/yritys\\\/#primaryimage\",\"url\":\"http:\\\/\\\/fintechgroup.fi\\\/wp-content\\\/uploads\\\/2023\\\/08\\\/aurinkovoimaloiden-asentaminen-1024x462.jpg\",\"contentUrl\":\"http:\\\/\\\/fintechgroup.fi\\\/wp-content\\\/uploads\\\/2023\\\/08\\\/aurinkovoimaloiden-asentaminen-1024x462.jpg\"},{\"@type\":\"BreadcrumbList\",\"@id\":\"https:\\\/\\\/fintechgroup.fi\\\/yritys\\\/#breadcrumb\",\"itemListElement\":[{\"@type\":\"ListItem\",\"position\":1,\"name\":\"Home\",\"item\":\"https:\\\/\\\/fintechgroup.fi\\\/\"},{\"@type\":\"ListItem\",\"position\":2,\"name\":\"Yritys\"}]},{\"@type\":\"WebSite\",\"@id\":\"https:\\\/\\\/fintechgroup.fi\\\/#website\",\"url\":\"https:\\\/\\\/fintechgroup.fi\\\/\",\"name\":\"FINTECH GROUP\",\"description\":\"Ristikkomastot ja k&auml;&auml;nnett&auml;v&auml;t aurinkovoimalat\",\"publisher\":{\"@id\":\"https:\\\/\\\/fintechgroup.fi\\\/#organization\"},\"potentialAction\":[{\"@type\":\"SearchAction\",\"target\":{\"@type\":\"EntryPoint\",\"urlTemplate\":\"https:\\\/\\\/fintechgroup.fi\\\/?s={search_term_string}\"},\"query-input\":{\"@type\":\"PropertyValueSpecification\",\"valueRequired\":true,\"valueName\":\"search_term_string\"}}],\"inLanguage\":\"en-GB\"},{\"@type\":\"Organization\",\"@id\":\"https:\\\/\\\/fintechgroup.fi\\\/#organization\",\"name\":\"FINTECH GROUP\",\"url\":\"https:\\\/\\\/fintechgroup.fi\\\/\",\"logo\":{\"@type\":\"ImageObject\",\"inLanguage\":\"en-GB\",\"@id\":\"https:\\\/\\\/fintechgroup.fi\\\/#\\\/schema\\\/logo\\\/image\\\/\",\"url\":\"https:\\\/\\\/fintechgroup.fi\\\/wp-content\\\/uploads\\\/2023\\\/07\\\/fintech-logo.png\",\"contentUrl\":\"https:\\\/\\\/fintechgroup.fi\\\/wp-content\\\/uploads\\\/2023\\\/07\\\/fintech-logo.png\",\"width\":654,\"height\":144,\"caption\":\"FINTECH GROUP\"},\"image\":{\"@id\":\"https:\\\/\\\/fintechgroup.fi\\\/#\\\/schema\\\/logo\\\/image\\\/\"}}]}<\/script>\n<!-- \/ Yoast SEO plugin. -->","yoast_head_json":{"title":"Yritys - FINTECH","robots":{"index":"index","follow":"follow","max-snippet":"max-snippet:-1","max-image-preview":"max-image-preview:large","max-video-preview":"max-video-preview:-1"},"canonical":"https:\/\/fintechgroup.fi\/en\/yritys\/","og_locale":"en_GB","og_type":"article","og_title":"Yritys - FINTECH","og_description":"FINTECH OY YRITYS metallirakentamisen ja metallivalmistamisen erikoisosaaja.\u00a0 Olemme jatkuvasti toimintaa kehitt\u00e4v\u00e4 kotimainen yritys.Toiminta-alueeseemme kuuluvat k\u00e4\u00e4nnett\u00e4vien aurinkovoimaloiden valmistus, myynti ja huolto sek\u00e4 ristikkomastojen valmistus, myynti, huolto ja asennus.\u00a0\u00a0Olemme yhdist\u00e4neet ja edist\u00e4neet osaamistamme jatkuvasti. Ydinryhm\u00e4mme koostuu pitk\u00e4aikaista kokemusta omaavasta teollisuuden metallin ty\u00f6st\u00f6n ja valmistuksen osaajista. Uusimpana tuoteperheen\u00e4 kotimaiset avainlipulla varustetut k\u00e4\u00e4nnett\u00e4v\u00e4t aurinkovoimalat sek\u00e4 n\u00e4iden rakenteet ja siirrett\u00e4v\u00e4t&hellip; Continue reading Yritys","og_url":"https:\/\/fintechgroup.fi\/en\/yritys\/","og_site_name":"FINTECH","article_modified_time":"2023-10-26T06:45:52+00:00","og_image":[{"url":"http:\/\/fintechgroup.fi\/wp-content\/uploads\/2023\/08\/aurinkovoimaloiden-asentaminen-1024x462.jpg","type":"","width":"","height":""}],"twitter_card":"summary_large_image","twitter_misc":{"Estimated reading time":"1 minute"},"schema":{"@context":"https:\/\/schema.org","@graph":[{"@type":"WebPage","@id":"https:\/\/fintechgroup.fi\/yritys\/","url":"https:\/\/fintechgroup.fi\/yritys\/","name":"Yritys - FINTECH","isPartOf":{"@id":"https:\/\/fintechgroup.fi\/#website"},"primaryImageOfPage":{"@id":"https:\/\/fintechgroup.fi\/yritys\/#primaryimage"},"image":{"@id":"https:\/\/fintechgroup.fi\/yritys\/#primaryimage"},"thumbnailUrl":"http:\/\/fintechgroup.fi\/wp-content\/uploads\/2023\/08\/aurinkovoimaloiden-asentaminen-1024x462.jpg","datePublished":"2023-07-13T06:20:05+00:00","dateModified":"2023-10-26T06:45:52+00:00","breadcrumb":{"@id":"https:\/\/fintechgroup.fi\/yritys\/#breadcrumb"},"inLanguage":"en-GB","potentialAction":[{"@type":"ReadAction","target":["https:\/\/fintechgroup.fi\/yritys\/"]}]},{"@type":"ImageObject","inLanguage":"en-GB","@id":"https:\/\/fintechgroup.fi\/yritys\/#primaryimage","url":"http:\/\/fintechgroup.fi\/wp-content\/uploads\/2023\/08\/aurinkovoimaloiden-asentaminen-1024x462.jpg","contentUrl":"http:\/\/fintechgroup.fi\/wp-content\/uploads\/2023\/08\/aurinkovoimaloiden-asentaminen-1024x462.jpg"},{"@type":"BreadcrumbList","@id":"https:\/\/fintechgroup.fi\/yritys\/#breadcrumb","itemListElement":[{"@type":"ListItem","position":1,"name":"Home","item":"https:\/\/fintechgroup.fi\/"},{"@type":"ListItem","position":2,"name":"Yritys"}]},{"@type":"WebSite","@id":"https:\/\/fintechgroup.fi\/#website","url":"https:\/\/fintechgroup.fi\/","name":"FINTECH GROUP","description":"Ristikkomastot ja k&auml;&auml;nnett&auml;v&auml;t aurinkovoimalat","publisher":{"@id":"https:\/\/fintechgroup.fi\/#organization"},"potentialAction":[{"@type":"SearchAction","target":{"@type":"EntryPoint","urlTemplate":"https:\/\/fintechgroup.fi\/?s={search_term_string}"},"query-input":{"@type":"PropertyValueSpecification","valueRequired":true,"valueName":"search_term_string"}}],"inLanguage":"en-GB"},{"@type":"Organization","@id":"https:\/\/fintechgroup.fi\/#organization","name":"FINTECH GROUP","url":"https:\/\/fintechgroup.fi\/","logo":{"@type":"ImageObject","inLanguage":"en-GB","@id":"https:\/\/fintechgroup.fi\/#\/schema\/logo\/image\/","url":"https:\/\/fintechgroup.fi\/wp-content\/uploads\/2023\/07\/fintech-logo.png","contentUrl":"https:\/\/fintechgroup.fi\/wp-content\/uploads\/2023\/07\/fintech-logo.png","width":654,"height":144,"caption":"FINTECH GROUP"},"image":{"@id":"https:\/\/fintechgroup.fi\/#\/schema\/logo\/image\/"}}]}},"_links":{"self":[{"href":"https:\/\/fintechgroup.fi\/en\/wp-json\/wp\/v2\/pages\/488","targetHints":{"allow":["GET"]}}],"collection":[{"href":"https:\/\/fintechgroup.fi\/en\/wp-json\/wp\/v2\/pages"}],"about":[{"href":"https:\/\/fintechgroup.fi\/en\/wp-json\/wp\/v2\/types\/page"}],"author":[{"embeddable":true,"href":"https:\/\/fintechgroup.fi\/en\/wp-json\/wp\/v2\/users\/1"}],"replies":[{"embeddable":true,"href":"https:\/\/fintechgroup.fi\/en\/wp-json\/wp\/v2\/comments?post=488"}],"version-history":[{"count":28,"href":"https:\/\/fintechgroup.fi\/en\/wp-json\/wp\/v2\/pages\/488\/revisions"}],"predecessor-version":[{"id":1002,"href":"https:\/\/fintechgroup.fi\/en\/wp-json\/wp\/v2\/pages\/488\/revisions\/1002"}],"wp:attachment":[{"href":"https:\/\/fintechgroup.fi\/en\/wp-json\/wp\/v2\/media?parent=488"}],"curies":[{"name":"wp","href":"https:\/\/api.w.org\/{rel}","templated":true}]}}