{"id":411,"date":"2023-07-13T05:35:09","date_gmt":"2023-07-13T05:35:09","guid":{"rendered":"http:\/\/fintechgroup.fi\/?page_id=411"},"modified":"2024-10-19T05:42:15","modified_gmt":"2024-10-19T05:42:15","slug":"yhteystiedot","status":"publish","type":"page","link":"https:\/\/fintechgroup.fi\/en\/yhteystiedot\/","title":{"rendered":"Contact"},"content":{"rendered":"\t\t<div data-elementor-type=\"wp-page\" data-elementor-id=\"411\" class=\"elementor elementor-411\" data-elementor-post-type=\"page\">\n\t\t\t\t\t\t<section class=\"elementor-section elementor-top-section elementor-element elementor-element-8d12e8b elementor-section-full_width elementor-section-stretched elementor-section-height-default elementor-section-height-default\" data-id=\"8d12e8b\" data-element_type=\"section\" data-e-type=\"section\" data-settings=\"{&quot;stretch_section&quot;:&quot;section-stretched&quot;,&quot;background_background&quot;:&quot;classic&quot;}\">\n\t\t\t\t\t\t<div class=\"elementor-container elementor-column-gap-no\">\n\t\t\t\t\t<div class=\"elementor-column elementor-col-50 elementor-top-column elementor-element elementor-element-330ed51\" data-id=\"330ed51\" data-element_type=\"column\" data-e-type=\"column\">\n\t\t\t<div class=\"elementor-widget-wrap\">\n\t\t\t\t\t\t\t<\/div>\n\t\t<\/div>\n\t\t\t\t<div class=\"elementor-column elementor-col-50 elementor-top-column elementor-element elementor-element-9bab2cd\" data-id=\"9bab2cd\" data-element_type=\"column\" data-e-type=\"column\" data-settings=\"{&quot;background_background&quot;:&quot;classic&quot;}\">\n\t\t\t<div class=\"elementor-widget-wrap elementor-element-populated\">\n\t\t\t\t\t<div class=\"elementor-background-overlay\"><\/div>\n\t\t\t\t\t\t<div class=\"elementor-element elementor-element-c738566 elementor-widget elementor-widget-heading\" data-id=\"c738566\" data-element_type=\"widget\" data-e-type=\"widget\" data-widget_type=\"heading.default\">\n\t\t\t\t<div class=\"elementor-widget-container\">\n\t\t\t\t\t<h2 class=\"elementor-heading-title elementor-size-default\">FINTECH OY<\/h2>\t\t\t\t<\/div>\n\t\t\t\t<\/div>\n\t\t\t\t<div class=\"elementor-element elementor-element-b5535ca elementor-widget elementor-widget-heading\" data-id=\"b5535ca\" data-element_type=\"widget\" data-e-type=\"widget\" data-widget_type=\"heading.default\">\n\t\t\t\t<div class=\"elementor-widget-container\">\n\t\t\t\t\t<h2 class=\"elementor-heading-title elementor-size-default\">\nYHTEYSTIEDOT<\/h2>\t\t\t\t<\/div>\n\t\t\t\t<\/div>\n\t\t\t\t<div class=\"elementor-element elementor-element-369b48c elementor-widget-tablet__width-initial elementor-widget elementor-widget-text-editor\" data-id=\"369b48c\" data-element_type=\"widget\" data-e-type=\"widget\" data-widget_type=\"text-editor.default\">\n\t\t\t\t<div class=\"elementor-widget-container\">\n\t\t\t\t\t\t\t\t\t<p>Ota yhteytt\u00e4 ja kysy lis\u00e4\u00e4 tai tarjous\u00a0<\/p>\t\t\t\t\t\t\t\t<\/div>\n\t\t\t\t<\/div>\n\t\t\t\t\t<\/div>\n\t\t<\/div>\n\t\t\t\t\t<\/div>\n\t\t<\/section>\n\t\t\t\t<section class=\"elementor-section elementor-top-section elementor-element elementor-element-fd2d295 elementor-section-content-middle elementor-section-stretched elementor-section-boxed elementor-section-height-default elementor-section-height-default\" data-id=\"fd2d295\" data-element_type=\"section\" data-e-type=\"section\" data-settings=\"{&quot;stretch_section&quot;:&quot;section-stretched&quot;}\">\n\t\t\t\t\t\t<div class=\"elementor-container elementor-column-gap-extended\">\n\t\t\t\t\t<div class=\"elementor-column elementor-col-50 elementor-top-column elementor-element elementor-element-612e636c elementor-invisible\" data-id=\"612e636c\" data-element_type=\"column\" data-e-type=\"column\" data-settings=\"{&quot;animation&quot;:&quot;fadeInLeft&quot;}\">\n\t\t\t<div class=\"elementor-widget-wrap elementor-element-populated\">\n\t\t\t\t\t\t<div class=\"elementor-element elementor-element-c6a8508 elementor-widget elementor-widget-heading\" data-id=\"c6a8508\" data-element_type=\"widget\" data-e-type=\"widget\" data-widget_type=\"heading.default\">\n\t\t\t\t<div class=\"elementor-widget-container\">\n\t\t\t\t\t<h2 class=\"elementor-heading-title elementor-size-default\">OTA YHTEYTT\u00c4<\/h2>\t\t\t\t<\/div>\n\t\t\t\t<\/div>\n\t\t\t\t<div class=\"elementor-element elementor-element-21f3761e elementor-widget elementor-widget-text-editor\" data-id=\"21f3761e\" data-element_type=\"widget\" data-e-type=\"widget\" data-widget_type=\"text-editor.default\">\n\t\t\t\t<div class=\"elementor-widget-container\">\n\t\t\t\t\t\t\t\t\t<p>FINTECH Group Oy<\/p><p>fin@fintechgroup.fi<\/p><div dir=\"auto\" style=\"color: #222222; font-family: Arial, Helvetica, sans-serif; font-size: small;\">\u00a0<\/div>\t\t\t\t\t\t\t\t<\/div>\n\t\t\t\t<\/div>\n\t\t\t\t<div class=\"elementor-element elementor-element-71a7075 elementor-widget elementor-widget-text-editor\" data-id=\"71a7075\" data-element_type=\"widget\" data-e-type=\"widget\" data-widget_type=\"text-editor.default\">\n\t\t\t\t<div class=\"elementor-widget-container\">\n\t\t\t\t\t\t\t\t\t<p>\u00a0<\/p><p style=\"font-weight: 400;\">\u00a0<\/p><div dir=\"auto\" style=\"color: #222222; font-family: Arial, Helvetica, sans-serif; font-size: small;\">\u00a0<\/div>\t\t\t\t\t\t\t\t<\/div>\n\t\t\t\t<\/div>\n\t\t\t\t\t<\/div>\n\t\t<\/div>\n\t\t\t\t<div class=\"elementor-column elementor-col-50 elementor-top-column elementor-element elementor-element-b0d66b4\" data-id=\"b0d66b4\" data-element_type=\"column\" data-e-type=\"column\" data-settings=\"{&quot;background_background&quot;:&quot;classic&quot;}\">\n\t\t\t<div class=\"elementor-widget-wrap elementor-element-populated\">\n\t\t\t\t\t\t<div class=\"elementor-element elementor-element-fde1084 elementor-widget__width-initial elementor-button-align-stretch elementor-widget elementor-widget-form\" data-id=\"fde1084\" data-element_type=\"widget\" data-e-type=\"widget\" data-settings=\"{&quot;step_next_label&quot;:&quot;Next&quot;,&quot;step_previous_label&quot;:&quot;Previous&quot;,&quot;button_width&quot;:&quot;100&quot;,&quot;step_type&quot;:&quot;number_text&quot;,&quot;step_icon_shape&quot;:&quot;circle&quot;}\" data-widget_type=\"form.default\">\n\t\t\t\t<div class=\"elementor-widget-container\">\n\t\t\t\t\t\t\t<form class=\"elementor-form\" method=\"post\" name=\"New Form\" aria-label=\"New Form\">\n\t\t\t<input type=\"hidden\" name=\"post_id\" value=\"411\"\/>\n\t\t\t<input type=\"hidden\" name=\"form_id\" value=\"fde1084\"\/>\n\t\t\t<input type=\"hidden\" name=\"referer_title\" value=\"Yhteystiedot - FINTECH\" \/>\n\n\t\t\t\t\t\t\t<input type=\"hidden\" name=\"queried_id\" value=\"411\"\/>\n\t\t\t\n\t\t\t<div class=\"elementor-form-fields-wrapper elementor-labels-above\">\n\t\t\t\t\t\t\t\t<div class=\"elementor-field-type-text elementor-field-group elementor-column elementor-field-group-name elementor-col-50 elementor-field-required\">\n\t\t\t\t\t\t\t\t\t\t\t\t\t<input size=\"1\" type=\"text\" name=\"form_fields[name]\" id=\"form-field-name\" class=\"elementor-field elementor-size-sm  elementor-field-textual\" placeholder=\"Nimi\" required=\"required\">\n\t\t\t\t\t\t\t\t\t\t\t<\/div>\n\t\t\t\t\t\t\t\t<div class=\"elementor-field-type-text elementor-field-group elementor-column elementor-field-group-field_1b0089a elementor-col-50\">\n\t\t\t\t\t\t\t\t\t\t\t\t\t<input size=\"1\" type=\"text\" name=\"form_fields[field_1b0089a]\" id=\"form-field-field_1b0089a\" class=\"elementor-field elementor-size-sm  elementor-field-textual\" placeholder=\"Yritys\">\n\t\t\t\t\t\t\t\t\t\t\t<\/div>\n\t\t\t\t\t\t\t\t<div class=\"elementor-field-type-email elementor-field-group elementor-column elementor-field-group-email elementor-col-50 elementor-field-required\">\n\t\t\t\t\t\t\t\t\t\t\t\t\t<input size=\"1\" type=\"email\" name=\"form_fields[email]\" id=\"form-field-email\" class=\"elementor-field elementor-size-sm  elementor-field-textual\" placeholder=\"S\u00e4hk\u00f6posti\" required=\"required\">\n\t\t\t\t\t\t\t\t\t\t\t<\/div>\n\t\t\t\t\t\t\t\t<div class=\"elementor-field-type-text elementor-field-group elementor-column elementor-field-group-field_2b6b33d elementor-col-50 elementor-field-required\">\n\t\t\t\t\t\t\t\t\t\t\t\t\t<input size=\"1\" type=\"text\" name=\"form_fields[field_2b6b33d]\" id=\"form-field-field_2b6b33d\" class=\"elementor-field elementor-size-sm  elementor-field-textual\" placeholder=\"Puhelin\" required=\"required\">\n\t\t\t\t\t\t\t\t\t\t\t<\/div>\n\t\t\t\t\t\t\t\t<div class=\"elementor-field-type-textarea elementor-field-group elementor-column elementor-field-group-message elementor-col-100 elementor-field-required\">\n\t\t\t\t\t<textarea class=\"elementor-field-textual elementor-field  elementor-size-sm\" name=\"form_fields[message]\" id=\"form-field-message\" rows=\"4\" placeholder=\"Viesti\" required=\"required\"><\/textarea>\t\t\t\t<\/div>\n\t\t\t\t\t\t\t\t<div class=\"elementor-field-group elementor-column elementor-field-type-submit elementor-col-100 e-form__buttons\">\n\t\t\t\t\t<button class=\"elementor-button elementor-size-sm\" type=\"submit\">\n\t\t\t\t\t\t<span class=\"elementor-button-content-wrapper\">\n\t\t\t\t\t\t\t\t\t\t\t\t\t\t\t\t\t\t\t\t\t\t<span class=\"elementor-button-text\">L\u00c4HET\u00c4<\/span>\n\t\t\t\t\t\t\t\t\t\t\t\t\t<\/span>\n\t\t\t\t\t<\/button>\n\t\t\t\t<\/div>\n\t\t\t<\/div>\n\t\t<\/form>\n\t\t\t\t\t\t<\/div>\n\t\t\t\t<\/div>\n\t\t\t\t\t<\/div>\n\t\t<\/div>\n\t\t\t\t\t<\/div>\n\t\t<\/section>\n\t\t\t\t<section class=\"elementor-section elementor-top-section elementor-element elementor-element-e0f892f elementor-section-boxed elementor-section-height-default elementor-section-height-default\" data-id=\"e0f892f\" data-element_type=\"section\" data-e-type=\"section\">\n\t\t\t\t\t\t<div class=\"elementor-container elementor-column-gap-default\">\n\t\t\t\t\t<div class=\"elementor-column elementor-col-100 elementor-top-column elementor-element elementor-element-8be2711\" data-id=\"8be2711\" data-element_type=\"column\" data-e-type=\"column\">\n\t\t\t<div class=\"elementor-widget-wrap elementor-element-populated\">\n\t\t\t\t\t\t<div class=\"elementor-element elementor-element-72de2bd elementor-widget elementor-widget-wp-widget-pages\" data-id=\"72de2bd\" data-element_type=\"widget\" data-e-type=\"widget\" data-widget_type=\"wp-widget-pages.default\">\n\t\t\t\t<div class=\"elementor-widget-container\">\n\t\t\t\t\t<h5>Pages<\/h5><nav aria-label=\"Pages\">\n\t\t\t<ul>\n\t\t\t\t<li class=\"page_item page-item-173\"><a href=\"https:\/\/fintechgroup.fi\/en\/kaannettavat-aurinkoenergiajarjestelmat\/\">Aurinkoenergiajarjestelmat<\/a><\/li>\n<li class=\"page_item page-item-538\"><a href=\"https:\/\/fintechgroup.fi\/en\/fintech-group-ristikkomastojen-ja-terasvalmisteiden-tuotanto\/\">Fintech Group metallivalmistaminen ja tuotanto<\/a><\/li>\n<li class=\"page_item page-item-79\"><a href=\"https:\/\/fintechgroup.fi\/en\/\">Fintech Group ristikkomastot ja ter\u00e4stuotteet<\/a><\/li>\n<li class=\"page_item page-item-489\"><a href=\"https:\/\/fintechgroup.fi\/en\/muut-tyot\/\">Muut ty\u00f6t<\/a><\/li>\n<li class=\"page_item page-item-297\"><a href=\"https:\/\/fintechgroup.fi\/en\/ristikkomastot\/\">Ristikkomastot<\/a><\/li>\n<li class=\"page_item page-item-2\"><a href=\"https:\/\/fintechgroup.fi\/en\/sample-page\/\">Sample Page<\/a><\/li>\n<li class=\"page_item page-item-411\"><a href=\"https:\/\/fintechgroup.fi\/en\/yhteystiedot\/\">Yhteystiedot<\/a><\/li>\n<li class=\"page_item page-item-488\"><a href=\"https:\/\/fintechgroup.fi\/en\/yritys\/\">Yritys<\/a><\/li>\n\t\t\t<\/ul>\n\n\t\t\t<\/nav>\t\t\t\t<\/div>\n\t\t\t\t<\/div>\n\t\t\t\t\t<\/div>\n\t\t<\/div>\n\t\t\t\t\t<\/div>\n\t\t<\/section>\n\t\t\t\t<\/div>\n\t\t","protected":false},"excerpt":{"rendered":"<p>FINTECH OY CONTACT INFORMATION Contact us for more information or a quote CONTACT US FINTECH Group Oy fin@fintechgroup.fi \u00a0 \u00a0 \u00a0 \u00a0<\/p>","protected":false},"author":1,"featured_media":0,"parent":0,"menu_order":0,"comment_status":"closed","ping_status":"closed","template":"","meta":{"footnotes":""},"class_list":["post-411","page","type-page","status-publish","hentry","entry"],"yoast_head":"<!-- This site is optimized with the Yoast SEO plugin v27.4 - https:\/\/yoast.com\/product\/yoast-seo-wordpress\/ -->\n<title>Yhteystiedot - FINTECH<\/title>\n<meta name=\"robots\" content=\"index, follow, max-snippet:-1, max-image-preview:large, max-video-preview:-1\" \/>\n<link rel=\"canonical\" href=\"https:\/\/fintechgroup.fi\/en\/yhteystiedot\/\" \/>\n<meta property=\"og:locale\" content=\"en_GB\" \/>\n<meta property=\"og:type\" content=\"article\" \/>\n<meta property=\"og:title\" content=\"Yhteystiedot - FINTECH\" \/>\n<meta property=\"og:description\" content=\"FINTECH OY YHTEYSTIEDOT Ota yhteytt\u00e4 ja kysy lis\u00e4\u00e4 tai tarjous\u00a0 OTA YHTEYTT\u00c4 FINTECH Group Oy fin@fintechgroup.fi \u00a0 \u00a0 \u00a0 \u00a0\" \/>\n<meta property=\"og:url\" content=\"https:\/\/fintechgroup.fi\/en\/yhteystiedot\/\" \/>\n<meta property=\"og:site_name\" content=\"FINTECH\" \/>\n<meta property=\"article:modified_time\" content=\"2024-10-19T05:42:15+00:00\" \/>\n<meta name=\"twitter:card\" content=\"summary_large_image\" \/>\n<meta name=\"twitter:label1\" content=\"Estimated reading time\" \/>\n\t<meta name=\"twitter:data1\" content=\"1 minute\" \/>\n<script type=\"application\/ld+json\" class=\"yoast-schema-graph\">{\"@context\":\"https:\\\/\\\/schema.org\",\"@graph\":[{\"@type\":\"WebPage\",\"@id\":\"https:\\\/\\\/fintechgroup.fi\\\/yhteystiedot\\\/\",\"url\":\"https:\\\/\\\/fintechgroup.fi\\\/yhteystiedot\\\/\",\"name\":\"Yhteystiedot - FINTECH\",\"isPartOf\":{\"@id\":\"https:\\\/\\\/fintechgroup.fi\\\/#website\"},\"datePublished\":\"2023-07-13T05:35:09+00:00\",\"dateModified\":\"2024-10-19T05:42:15+00:00\",\"breadcrumb\":{\"@id\":\"https:\\\/\\\/fintechgroup.fi\\\/yhteystiedot\\\/#breadcrumb\"},\"inLanguage\":\"en-GB\",\"potentialAction\":[{\"@type\":\"ReadAction\",\"target\":[\"https:\\\/\\\/fintechgroup.fi\\\/yhteystiedot\\\/\"]}]},{\"@type\":\"BreadcrumbList\",\"@id\":\"https:\\\/\\\/fintechgroup.fi\\\/yhteystiedot\\\/#breadcrumb\",\"itemListElement\":[{\"@type\":\"ListItem\",\"position\":1,\"name\":\"Home\",\"item\":\"https:\\\/\\\/fintechgroup.fi\\\/\"},{\"@type\":\"ListItem\",\"position\":2,\"name\":\"Yhteystiedot\"}]},{\"@type\":\"WebSite\",\"@id\":\"https:\\\/\\\/fintechgroup.fi\\\/#website\",\"url\":\"https:\\\/\\\/fintechgroup.fi\\\/\",\"name\":\"FINTECH GROUP\",\"description\":\"Ristikkomastot ja k&auml;&auml;nnett&auml;v&auml;t aurinkovoimalat\",\"publisher\":{\"@id\":\"https:\\\/\\\/fintechgroup.fi\\\/#organization\"},\"potentialAction\":[{\"@type\":\"SearchAction\",\"target\":{\"@type\":\"EntryPoint\",\"urlTemplate\":\"https:\\\/\\\/fintechgroup.fi\\\/?s={search_term_string}\"},\"query-input\":{\"@type\":\"PropertyValueSpecification\",\"valueRequired\":true,\"valueName\":\"search_term_string\"}}],\"inLanguage\":\"en-GB\"},{\"@type\":\"Organization\",\"@id\":\"https:\\\/\\\/fintechgroup.fi\\\/#organization\",\"name\":\"FINTECH GROUP\",\"url\":\"https:\\\/\\\/fintechgroup.fi\\\/\",\"logo\":{\"@type\":\"ImageObject\",\"inLanguage\":\"en-GB\",\"@id\":\"https:\\\/\\\/fintechgroup.fi\\\/#\\\/schema\\\/logo\\\/image\\\/\",\"url\":\"https:\\\/\\\/fintechgroup.fi\\\/wp-content\\\/uploads\\\/2023\\\/07\\\/fintech-logo.png\",\"contentUrl\":\"https:\\\/\\\/fintechgroup.fi\\\/wp-content\\\/uploads\\\/2023\\\/07\\\/fintech-logo.png\",\"width\":654,\"height\":144,\"caption\":\"FINTECH GROUP\"},\"image\":{\"@id\":\"https:\\\/\\\/fintechgroup.fi\\\/#\\\/schema\\\/logo\\\/image\\\/\"}}]}<\/script>\n<!-- \/ Yoast SEO plugin. -->","yoast_head_json":{"title":"Yhteystiedot - FINTECH","robots":{"index":"index","follow":"follow","max-snippet":"max-snippet:-1","max-image-preview":"max-image-preview:large","max-video-preview":"max-video-preview:-1"},"canonical":"https:\/\/fintechgroup.fi\/en\/yhteystiedot\/","og_locale":"en_GB","og_type":"article","og_title":"Yhteystiedot - FINTECH","og_description":"FINTECH OY YHTEYSTIEDOT Ota yhteytt\u00e4 ja kysy lis\u00e4\u00e4 tai tarjous\u00a0 OTA YHTEYTT\u00c4 FINTECH Group Oy fin@fintechgroup.fi \u00a0 \u00a0 \u00a0 \u00a0","og_url":"https:\/\/fintechgroup.fi\/en\/yhteystiedot\/","og_site_name":"FINTECH","article_modified_time":"2024-10-19T05:42:15+00:00","twitter_card":"summary_large_image","twitter_misc":{"Estimated reading time":"1 minute"},"schema":{"@context":"https:\/\/schema.org","@graph":[{"@type":"WebPage","@id":"https:\/\/fintechgroup.fi\/yhteystiedot\/","url":"https:\/\/fintechgroup.fi\/yhteystiedot\/","name":"Yhteystiedot - FINTECH","isPartOf":{"@id":"https:\/\/fintechgroup.fi\/#website"},"datePublished":"2023-07-13T05:35:09+00:00","dateModified":"2024-10-19T05:42:15+00:00","breadcrumb":{"@id":"https:\/\/fintechgroup.fi\/yhteystiedot\/#breadcrumb"},"inLanguage":"en-GB","potentialAction":[{"@type":"ReadAction","target":["https:\/\/fintechgroup.fi\/yhteystiedot\/"]}]},{"@type":"BreadcrumbList","@id":"https:\/\/fintechgroup.fi\/yhteystiedot\/#breadcrumb","itemListElement":[{"@type":"ListItem","position":1,"name":"Home","item":"https:\/\/fintechgroup.fi\/"},{"@type":"ListItem","position":2,"name":"Yhteystiedot"}]},{"@type":"WebSite","@id":"https:\/\/fintechgroup.fi\/#website","url":"https:\/\/fintechgroup.fi\/","name":"FINTECH GROUP","description":"Ristikkomastot ja k&auml;&auml;nnett&auml;v&auml;t aurinkovoimalat","publisher":{"@id":"https:\/\/fintechgroup.fi\/#organization"},"potentialAction":[{"@type":"SearchAction","target":{"@type":"EntryPoint","urlTemplate":"https:\/\/fintechgroup.fi\/?s={search_term_string}"},"query-input":{"@type":"PropertyValueSpecification","valueRequired":true,"valueName":"search_term_string"}}],"inLanguage":"en-GB"},{"@type":"Organization","@id":"https:\/\/fintechgroup.fi\/#organization","name":"FINTECH GROUP","url":"https:\/\/fintechgroup.fi\/","logo":{"@type":"ImageObject","inLanguage":"en-GB","@id":"https:\/\/fintechgroup.fi\/#\/schema\/logo\/image\/","url":"https:\/\/fintechgroup.fi\/wp-content\/uploads\/2023\/07\/fintech-logo.png","contentUrl":"https:\/\/fintechgroup.fi\/wp-content\/uploads\/2023\/07\/fintech-logo.png","width":654,"height":144,"caption":"FINTECH GROUP"},"image":{"@id":"https:\/\/fintechgroup.fi\/#\/schema\/logo\/image\/"}}]}},"_links":{"self":[{"href":"https:\/\/fintechgroup.fi\/en\/wp-json\/wp\/v2\/pages\/411","targetHints":{"allow":["GET"]}}],"collection":[{"href":"https:\/\/fintechgroup.fi\/en\/wp-json\/wp\/v2\/pages"}],"about":[{"href":"https:\/\/fintechgroup.fi\/en\/wp-json\/wp\/v2\/types\/page"}],"author":[{"embeddable":true,"href":"https:\/\/fintechgroup.fi\/en\/wp-json\/wp\/v2\/users\/1"}],"replies":[{"embeddable":true,"href":"https:\/\/fintechgroup.fi\/en\/wp-json\/wp\/v2\/comments?post=411"}],"version-history":[{"count":55,"href":"https:\/\/fintechgroup.fi\/en\/wp-json\/wp\/v2\/pages\/411\/revisions"}],"predecessor-version":[{"id":1110,"href":"https:\/\/fintechgroup.fi\/en\/wp-json\/wp\/v2\/pages\/411\/revisions\/1110"}],"wp:attachment":[{"href":"https:\/\/fintechgroup.fi\/en\/wp-json\/wp\/v2\/media?parent=411"}],"curies":[{"name":"wp","href":"https:\/\/api.w.org\/{rel}","templated":true}]}}